{"id":555,"date":"2019-03-01T05:17:29","date_gmt":"2019-03-01T05:17:29","guid":{"rendered":"https:\/\/pamg.bv6bm9j6-liquidwebsites.com\/?page_id=555"},"modified":"2019-08-29T09:16:58","modified_gmt":"2019-08-29T16:16:58","slug":"botox-santa-ana","status":"publish","type":"page","link":"https:\/\/7b20e63ff2.nxcli.io\/es\/botox-santa-ana\/","title":{"rendered":"BOTOX\u00ae"},"content":{"rendered":"<div class=\"fusion-fullwidth fullwidth-box fusion-builder-row-1 nonhundred-percent-fullwidth non-hundred-percent-height-scrolling\" style=\"--awb-border-radius-top-left:0px;--awb-border-radius-top-right:0px;--awb-border-radius-bottom-right:0px;--awb-border-radius-bottom-left:0px;--awb-flex-wrap:wrap;\" ><div class=\"fusion-builder-row fusion-row\"><div class=\"fusion-layout-column fusion_builder_column fusion-builder-column-0 fusion_builder_column_1_1 1_1 fusion-one-full fusion-column-first fusion-column-last\" style=\"--awb-bg-size:cover;\"><div class=\"fusion-column-wrapper fusion-flex-column-wrapper-legacy\"><div class=\"fusion-text fusion-text-1\"><p><img decoding=\"async\" class=\"alignright\" src=\"http:\/\/precisionaestheticsmg.com\/wp-content\/uploads\/2018\/04\/genuine-botox.jpg\" alt=\"\" width=\"147\" height=\"147\" \/><\/p>\n<h1>BOTOX<sup>\u00ae<\/sup>\u00a0Cosmetics in Santa Ana\/Irvine<\/h1>\n<p><span style=\"font-weight: 400;\">As we become older, bothersome signs of sun-damage, genetics, and aging are inevitable. Fine lines and wrinkles can have an adverse effect on how people perceive us, as well as, our self-image. Consequently, every aspect of our lives from work to social events can trigger anxiety. <\/span><\/p>\n<p><span style=\"font-weight: 400;\">If this sounds familiar, you\u2019re not alone. Millions of Americans request BOTOX<sup>\u00ae<\/sup> Cosmetics to treat their aesthetic concerns. In fact, BOTOX<sup>\u00ae<\/sup> Cosmetics remains the number one non-surgical procedure asked for on the market today.<\/span><\/p>\n<\/div><div class=\"fusion-text fusion-text-2\"><div class=\"video-container\">\n<p style=\"text-align: center;\"><iframe src=\"https:\/\/www.youtube.com\/embed\/dCR91N1Y4gc?rel=0\" width=\"720\" height=\"405\" frameborder=\"0\" allowfullscreen=\"allowfullscreen\"><\/iframe><\/p>\n<\/div>\n<\/div><div class=\"fusion-text fusion-text-3\"><p style=\"text-align: center;\">*Los resultados individuales pueden variar.<\/p>\n<\/div><div class=\"fusion-sep-clear\"><\/div><div class=\"fusion-separator fusion-full-width-sep\" style=\"margin-left: auto;margin-right: auto;margin-top:20px;width:100%;\"><\/div><div class=\"fusion-sep-clear\"><\/div><div class=\"fusion-text fusion-text-4\"><h2>The BOTOX<sup>\u00ae<\/sup> Cosmetics Difference<\/h2>\n<p>A BOTOX<sup>\u00ae<\/sup> Cosmetics treatment is a quick, 10-minute procedure that requires no downtime or recovery \u2013 it is often called a lunchtime procedure.<\/p>\n<p>With a few tiny, nearly painless injections, BOTOX<sup>\u00ae<\/sup> Cosmetics blocks nerve impulses to the muscles in your forehead, called the corrugator and procerus muscles, reducing their movement.<\/p>\n<p>This decreased muscle activity helps lessen the appearance of moderate to severe frown lines between the brows for real, noticeable results.<\/p>\n<\/div><div class=\"fusion-image-element fusion-image-align-center in-legacy-container\" style=\"text-align:center;--awb-caption-title-font-family:var(--h2_typography-font-family);--awb-caption-title-font-weight:var(--h2_typography-font-weight);--awb-caption-title-font-style:var(--h2_typography-font-style);--awb-caption-title-size:var(--h2_typography-font-size);--awb-caption-title-transform:var(--h2_typography-text-transform);--awb-caption-title-line-height:var(--h2_typography-line-height);--awb-caption-title-letter-spacing:var(--h2_typography-letter-spacing);\"><div class=\"imageframe-align-center\"><span class=\" fusion-imageframe imageframe-none imageframe-1 hover-type-none\"><img decoding=\"async\" width=\"300\" height=\"254\" alt=\"Botox Cosmetics Santa Ana\" title=\"Botox-Cosmetics-Santa-Ana\" src=\"http:\/\/precisionaestheticsmg.com\/wp-content\/uploads\/2019\/08\/Botox-Cosmetics-Santa-Ana-300x254.jpg\" class=\"img-responsive wp-image-1235\" srcset=\"https:\/\/7b20e63ff2.nxcli.io\/wp-content\/uploads\/2019\/08\/Botox-Cosmetics-Santa-Ana-200x169.jpg 200w, https:\/\/7b20e63ff2.nxcli.io\/wp-content\/uploads\/2019\/08\/Botox-Cosmetics-Santa-Ana-400x338.jpg 400w, https:\/\/7b20e63ff2.nxcli.io\/wp-content\/uploads\/2019\/08\/Botox-Cosmetics-Santa-Ana.jpg 442w\" sizes=\"(max-width: 800px) 100vw, 300px\" \/><\/span><\/div><\/div><div class=\"fusion-text fusion-text-5\"><p style=\"text-align: center;\"><em>This patient underwent the following treatments: <a href=\"https:\/\/7b20e63ff2.nxcli.io\/cosmetic-procedures-santa-ana\/juvederm-xc\/\">Juvederm Ultra Plus XC<\/a>, IPL Laser, <a href=\"https:\/\/7b20e63ff2.nxcli.io\/botox-cosmetics-santa-ana\/\">Botox<sup>\u00ae<\/sup> Cosmetics<\/a>, <a href=\"https:\/\/7b20e63ff2.nxcli.io\/chemical-peels-santa-ana\/\">Rejuvenize Chemical Peel<\/a><\/em><\/p>\n<p style=\"text-align: center;\">*Individual results may vary.<\/p>\n<\/div><div class=\"fusion-text fusion-text-6\"><h2>BOTOX<sup>\u00ae<\/sup> Cosmetics\u00a0FAQ\u2019s<\/h2>\n<h3><strong>What areas can be treated?<\/strong><\/h3>\n<p>BOTOX<sup>\u00ae<\/sup> Cosmetics is FDA-cleared to treat forehead lines, frown lines between the brows, and Crow\u2019s feet. The procedure can also temporarily reduce the appearance of bunny lines, laugh lines, marionette lines, and more. In a medical setting, BOTOX<sup>\u00ae<\/sup> <sup>\u00ae<\/sup>is used to treat excessive sweating and certain muscle spasms.<\/p>\n<h3><strong>How many treatments will I need?*<\/strong><\/h3>\n<p>The majority of patients can achieve desired results with just one treatment. BOTOX<sup>\u00ae<\/sup> Cosmetics is safe and effective for reapplication every 3-6 months or as fine lines and wrinkles begin to gradually recur.<\/p>\n<h3><strong>What happens after treatment?*<\/strong><\/h3>\n<p>BOTOX<sup>\u00ae<\/sup> Cosmetics results will become evident as the botulinum toxin takes effect over the course of 3-5 days. The final outcome of your procedure may not be noticeable until 7-10 days afterward. In most cases, BOTOX<sup>\u00ae<\/sup> Cosmetics can last upwards of 3-6 months. Subsequent treatments can last longer than the first as your muscles become adjusted to the BOTOX<sup>\u00ae<\/sup> Cosmetics serum.<\/p>\n<h3><strong>Are there any restrictions on my activity after treatment?<\/strong><\/h3>\n<p>There is no downtime associated with BOTOX<sup>\u00ae<\/sup> Cosmetics. You may be asked to refrain from rubbing or massaging the injection site for 24-48 hours post-treatment.<\/p>\n<h3><strong>What are possible side effects?*<\/strong><\/h3>\n<p>When done correctly, side effects from BOTOX<sup>\u00ae<\/sup> Cosmetics are minimal. You may experience slight redness or swelling around the treatment area. Symptoms are short-lived and can easily be concealed with a light makeup application.<\/p>\n<\/div><div class=\"fusion-text fusion-text-7\"><h2>Before and After Photos*<\/h2>\n<p><img decoding=\"async\" class=\"size-full wp-image-491 aligncenter\" src=\"http:\/\/precisionaestheticsmg.com\/wp-content\/uploads\/2019\/01\/santa-ana-botox-before-after.png\" alt=\"Santa Ana Botox\" width=\"599\" height=\"114\" srcset=\"https:\/\/7b20e63ff2.nxcli.io\/wp-content\/uploads\/2019\/01\/santa-ana-botox-before-after-200x38.png 200w, https:\/\/7b20e63ff2.nxcli.io\/wp-content\/uploads\/2019\/01\/santa-ana-botox-before-after-300x57.png 300w, https:\/\/7b20e63ff2.nxcli.io\/wp-content\/uploads\/2019\/01\/santa-ana-botox-before-after-400x76.png 400w, https:\/\/7b20e63ff2.nxcli.io\/wp-content\/uploads\/2019\/01\/santa-ana-botox-before-after.png 599w\" sizes=\"(max-width: 599px) 100vw, 599px\" \/><\/p>\n<p><img decoding=\"async\" class=\"size-full wp-image-492 aligncenter\" src=\"http:\/\/precisionaestheticsmg.com\/wp-content\/uploads\/2019\/01\/before-after-botox-santa-ana.png\" alt=\"Botox Santa Ana\" width=\"600\" height=\"114\" srcset=\"https:\/\/7b20e63ff2.nxcli.io\/wp-content\/uploads\/2019\/01\/before-after-botox-santa-ana-200x38.png 200w, https:\/\/7b20e63ff2.nxcli.io\/wp-content\/uploads\/2019\/01\/before-after-botox-santa-ana-300x57.png 300w, https:\/\/7b20e63ff2.nxcli.io\/wp-content\/uploads\/2019\/01\/before-after-botox-santa-ana-400x76.png 400w, https:\/\/7b20e63ff2.nxcli.io\/wp-content\/uploads\/2019\/01\/before-after-botox-santa-ana.png 600w\" sizes=\"(max-width: 600px) 100vw, 600px\" \/><\/p>\n<p><img decoding=\"async\" class=\"size-full wp-image-493 aligncenter\" src=\"http:\/\/precisionaestheticsmg.com\/wp-content\/uploads\/2019\/01\/botox-before-after-orange-county.png\" alt=\"Botox Orange County\" width=\"601\" height=\"113\" srcset=\"https:\/\/7b20e63ff2.nxcli.io\/wp-content\/uploads\/2019\/01\/botox-before-after-orange-county-200x38.png 200w, https:\/\/7b20e63ff2.nxcli.io\/wp-content\/uploads\/2019\/01\/botox-before-after-orange-county-300x56.png 300w, https:\/\/7b20e63ff2.nxcli.io\/wp-content\/uploads\/2019\/01\/botox-before-after-orange-county-400x75.png 400w, https:\/\/7b20e63ff2.nxcli.io\/wp-content\/uploads\/2019\/01\/botox-before-after-orange-county-600x113.png 600w, https:\/\/7b20e63ff2.nxcli.io\/wp-content\/uploads\/2019\/01\/botox-before-after-orange-county.png 601w\" sizes=\"(max-width: 601px) 100vw, 601px\" \/><\/p>\n<p><img decoding=\"async\" class=\"size-full wp-image-494 aligncenter\" src=\"http:\/\/precisionaestheticsmg.com\/wp-content\/uploads\/2019\/01\/orange-county-botox-before-after.png\" alt=\"Orange County Botox\" width=\"600\" height=\"114\" srcset=\"https:\/\/7b20e63ff2.nxcli.io\/wp-content\/uploads\/2019\/01\/orange-county-botox-before-after-200x38.png 200w, https:\/\/7b20e63ff2.nxcli.io\/wp-content\/uploads\/2019\/01\/orange-county-botox-before-after-300x57.png 300w, https:\/\/7b20e63ff2.nxcli.io\/wp-content\/uploads\/2019\/01\/orange-county-botox-before-after-400x76.png 400w, https:\/\/7b20e63ff2.nxcli.io\/wp-content\/uploads\/2019\/01\/orange-county-botox-before-after.png 600w\" sizes=\"(max-width: 600px) 100vw, 600px\" \/><\/p>\n<p style=\"text-align: center;\">*Individual results may vary.<\/p>\n<\/div><div class=\"fusion-text fusion-text-8\"><h2>Aesthetic Financing<\/h2>\n<p>At Precision Aesthetics, we accept CareCredit for your convenience. We help you look and feel your best by providing wellness and beauty treatments with simple monthly installments. With <a href=\"https:\/\/www.carecredit.com\/doctor-locator\/Medical-Esthetician-in-SANTA-ANA-CA-92705\/Precision-Aesthetics-Medical-Group\/\" target=\"_blank\" rel=\"noopener noreferrer\">CareCredit<\/a>, you can purchase a single treatment, multiple treatments on a same-day package, or keep the credit line open for your favorite services on a more frequent basis. Signing up is easy, and you\u2019re free to use your CareCredit benefits immediately following approval.<\/p>\n<p>However, please note financing your treatment(s) using CareCredit requires a minimum purchase amount. Contact Precision Aesthetics for more details.<\/p>\n<h2>Take the First Step<\/h2>\n<p>Ready to learn more about <strong>BOTOX\u00ae Cosmetics<\/strong>? Schedule a consultation with <strong>Precision Aesthetics in Santa Ana \/ Irvine California <\/strong>by filling out the request a <a href=\"https:\/\/7b20e63ff2.nxcli.io\/contact-botox-specialist-santa-ana\/\">consultation form<\/a> on this page or by calling <a href=\"tel:949-477-9740\"><strong>(949) 477-9740<\/strong><\/a>. Precision Aesthetics is located at the border of Santa Ana and Irvine, California in close proximity to the 55, 5, 73 &amp; 405 freeways.<\/p>\n<p>Over the years we have served loyal patients from Huntington Beach, Fountain Valley, Costa Mesa, Orange, Newport Beach, Irvine and as far away as Anaheim, Yorba Linda, Placentia, Fullerton and more. Come find out why we&#8217;ve earned such loyalty.<\/p>\n<\/div><div class=\"fusion-sep-clear\"><\/div><div class=\"fusion-separator fusion-full-width-sep\" style=\"margin-left: auto;margin-right: auto;margin-top:10px;margin-bottom:20px;width:100%;\"><div class=\"fusion-separator-border sep-single sep-dotted\" style=\"--awb-height:20px;--awb-amount:20px;--awb-sep-color:#95c11f;border-color:#95c11f;border-top-width:3px;\"><\/div><\/div><div class=\"fusion-sep-clear\"><\/div><div class=\"fusion-text fusion-text-9\"><h2>BOTOX<sup>\u00ae<\/sup> Cosmetics Testimonials*<\/h2>\n<div class=\"testimonial-slideshow\">\n<div class=\"testimonial-inside\">\n<h3>\u00abI feel confident and youthful\u00bb &#8211; EG<\/h3>\n<blockquote>\n<p>I love the new look that Botox<sup>\u00ae<\/sup> Cosmetics has given me. I look rested and this has dramatically improved my self-esteem and how I feel about myself. Thank you to the\u00a0staff for a wonderful experience. I was so surprised how quick and painless the procedure was! It has literally taken 10 years off of my age, and I feel confident and youthful which I haven\u2019t felt in a long time.<\/p>\n<\/blockquote>\n<\/div>\n<div class=\"testimonial-inside\">\n<h3>\u00abThe best I\u2019ve ever seen!\u00bb &#8211; Sherly\u00a0S.<\/h3>\n<blockquote>\n<p>Truly amazing injectors! The best I\u2019ve ever seen. They are caring, personable, honest, humble, and fair. I highly recommend them to anyone needing Botox<sup>\u00ae<\/sup> Cosmetics or fillers!<\/p>\n<\/blockquote>\n<\/div>\n<div class=\"testimonial-inside\">\n<h3>\u00abLove Love Love Precision Aesthetics!!\u00bb &#8211; Kimberly E.<\/h3>\n<blockquote>\n<p>Love Love Love SoCalBotox!! I could have injectables done where I work but I have been going to SoCalBotox for so long that I enjoy the relationship as well as the fine work they do!!<\/p>\n<\/blockquote>\n<\/div>\n<div class=\"testimonial-inside\">\n<h3>\u00abThe best botox doctors anywhere!\u00bb &#8211; Kathy C.<\/h3>\n<blockquote>\n<p>The best botox doctors anywhere!! They are fantastic at what they do and so kind and compassionate. I have never met better injectors and they always take their time and exceed my expectations. TRULY THE BOTOX<sup>\u00ae<\/sup> DOCTORS TO GO TO!!<\/p>\n<\/blockquote>\n<p><a href=\"https:\/\/7b20e63ff2.nxcli.io\/botox-specialists-santa-ana-2\/testimonials\/\">Read more Reviews and Testimonials<\/a><\/p>\n<\/div>\n<\/div>\n<hr \/>\n<p>For more information and important BOTOX\u00ae facts refer to the Medication Guide or talk with your doctor. You are encouraged to report negative side effects of prescription drugs to the FDA. Visit <a href=\"https:\/\/www.fda.gov\/medwatch\" target=\"_blank\" rel=\"noopener noreferrer\">www.fda.gov\/medwatch<\/a> or call 1-800-FDA-1088.<\/p>\n<\/div><div class=\"fusion-clearfix\"><\/div><\/div><\/div><\/div><\/div>\n","protected":false},"excerpt":{"rendered":"","protected":false},"author":5,"featured_media":0,"parent":0,"menu_order":0,"comment_status":"closed","ping_status":"closed","template":"","meta":{"content-type":"","footnotes":""},"yoast_head":"<!-- This site is optimized with the Yoast SEO plugin v22.6 - https:\/\/yoast.com\/wordpress\/plugins\/seo\/ -->\n<title>Botox Santa Ana | Tratamiento de arrugas Santa Ana Irvine | Precision Est\u00e9ticas<\/title>\n<meta name=\"description\" content=\"\u00bfBusca una soluci\u00f3n no quir\u00fargica para reducir las l\u00edneas finas y las arrugas? Nuestros expertos en inyecci\u00f3n en Precision Aesthetics se especializan en tratamientos de Botox para pacientes que buscan deshacerse de las arrugas del ce\u00f1o, patas de gallo y l\u00edneas de sonrisa. Sirviendo a Santa Ana e Irvine, CA.\" \/>\n<meta name=\"robots\" content=\"noindex, follow, max-snippet:-1, max-image-preview:large, max-video-preview:-1\" \/>\n<meta name=\"twitter:label1\" content=\"Tiempo de lectura\" \/>\n\t<meta name=\"twitter:data1\" content=\"6 minutos\" \/>\n<script type=\"application\/ld+json\" class=\"yoast-schema-graph\">{\"@context\":\"https:\/\/schema.org\",\"@graph\":[{\"@type\":\"WebPage\",\"@id\":\"https:\/\/7b20e63ff2.nxcli.io\/es\/botox-santa-ana\/\",\"url\":\"https:\/\/7b20e63ff2.nxcli.io\/es\/botox-santa-ana\/\",\"name\":\"Botox Santa Ana | Tratamiento de arrugas Santa Ana Irvine | Precision Est\u00e9ticas\",\"isPartOf\":{\"@id\":\"https:\/\/7b20e63ff2.nxcli.io\/#website\"},\"primaryImageOfPage\":{\"@id\":\"https:\/\/7b20e63ff2.nxcli.io\/es\/botox-santa-ana\/#primaryimage\"},\"image\":{\"@id\":\"https:\/\/7b20e63ff2.nxcli.io\/es\/botox-santa-ana\/#primaryimage\"},\"thumbnailUrl\":\"http:\/\/precisionaestheticsmg.com\/wp-content\/uploads\/2018\/04\/genuine-botox.jpg\",\"datePublished\":\"2019-03-01T05:17:29+00:00\",\"dateModified\":\"2019-08-29T16:16:58+00:00\",\"description\":\"\u00bfBusca una soluci\u00f3n no quir\u00fargica para reducir las l\u00edneas finas y las arrugas? Nuestros expertos en inyecci\u00f3n en Precision Aesthetics se especializan en tratamientos de Botox para pacientes que buscan deshacerse de las arrugas del ce\u00f1o, patas de gallo y l\u00edneas de sonrisa. Sirviendo a Santa Ana e Irvine, CA.\",\"breadcrumb\":{\"@id\":\"https:\/\/7b20e63ff2.nxcli.io\/es\/botox-santa-ana\/#breadcrumb\"},\"inLanguage\":\"es\",\"potentialAction\":[{\"@type\":\"ReadAction\",\"target\":[\"https:\/\/7b20e63ff2.nxcli.io\/es\/botox-santa-ana\/\"]}]},{\"@type\":\"ImageObject\",\"inLanguage\":\"es\",\"@id\":\"https:\/\/7b20e63ff2.nxcli.io\/es\/botox-santa-ana\/#primaryimage\",\"url\":\"http:\/\/precisionaestheticsmg.com\/wp-content\/uploads\/2018\/04\/genuine-botox.jpg\",\"contentUrl\":\"http:\/\/precisionaestheticsmg.com\/wp-content\/uploads\/2018\/04\/genuine-botox.jpg\"},{\"@type\":\"BreadcrumbList\",\"@id\":\"https:\/\/7b20e63ff2.nxcli.io\/es\/botox-santa-ana\/#breadcrumb\",\"itemListElement\":[{\"@type\":\"ListItem\",\"position\":1,\"name\":\"Home\",\"item\":\"https:\/\/7b20e63ff2.nxcli.io\/es\/\"},{\"@type\":\"ListItem\",\"position\":2,\"name\":\"BOTOX\u00ae\"}]},{\"@type\":\"WebSite\",\"@id\":\"https:\/\/7b20e63ff2.nxcli.io\/#website\",\"url\":\"https:\/\/7b20e63ff2.nxcli.io\/\",\"name\":\"Precision Aesthetics Medical Group - Cosmetic Specialists Orange County, CA\",\"description\":\"BOTOX Specialists Santa Ana, Wrinkle Reduction Irvine, Dermal Fillers Orange County, CA\",\"publisher\":{\"@id\":\"https:\/\/7b20e63ff2.nxcli.io\/#organization\"},\"potentialAction\":[{\"@type\":\"SearchAction\",\"target\":{\"@type\":\"EntryPoint\",\"urlTemplate\":\"https:\/\/7b20e63ff2.nxcli.io\/?s={search_term_string}\"},\"query-input\":\"required name=search_term_string\"}],\"inLanguage\":\"es\"},{\"@type\":\"Organization\",\"@id\":\"https:\/\/7b20e63ff2.nxcli.io\/#organization\",\"name\":\"Precision Aesthetics Medical Group\",\"url\":\"https:\/\/7b20e63ff2.nxcli.io\/\",\"logo\":{\"@type\":\"ImageObject\",\"inLanguage\":\"es\",\"@id\":\"https:\/\/7b20e63ff2.nxcli.io\/#\/schema\/logo\/image\/\",\"url\":\"http:\/\/precisionaestheticsmg.com\/wp-content\/uploads\/2018\/04\/logo-1.png\",\"contentUrl\":\"http:\/\/precisionaestheticsmg.com\/wp-content\/uploads\/2018\/04\/logo-1.png\",\"width\":348,\"height\":99,\"caption\":\"Precision Aesthetics Medical Group\"},\"image\":{\"@id\":\"https:\/\/7b20e63ff2.nxcli.io\/#\/schema\/logo\/image\/\"}}]}<\/script>\n<!-- \/ Yoast SEO plugin. -->","yoast_head_json":{"title":"Botox Santa Ana | Tratamiento de arrugas Santa Ana Irvine | Precision Est\u00e9ticas","description":"\u00bfBusca una soluci\u00f3n no quir\u00fargica para reducir las l\u00edneas finas y las arrugas? Nuestros expertos en inyecci\u00f3n en Precision Aesthetics se especializan en tratamientos de Botox para pacientes que buscan deshacerse de las arrugas del ce\u00f1o, patas de gallo y l\u00edneas de sonrisa. Sirviendo a Santa Ana e Irvine, CA.","robots":{"index":"noindex","follow":"follow","max-snippet":"max-snippet:-1","max-image-preview":"max-image-preview:large","max-video-preview":"max-video-preview:-1"},"twitter_misc":{"Tiempo de lectura":"6 minutos"},"schema":{"@context":"https:\/\/schema.org","@graph":[{"@type":"WebPage","@id":"https:\/\/7b20e63ff2.nxcli.io\/es\/botox-santa-ana\/","url":"https:\/\/7b20e63ff2.nxcli.io\/es\/botox-santa-ana\/","name":"Botox Santa Ana | Tratamiento de arrugas Santa Ana Irvine | Precision Est\u00e9ticas","isPartOf":{"@id":"https:\/\/7b20e63ff2.nxcli.io\/#website"},"primaryImageOfPage":{"@id":"https:\/\/7b20e63ff2.nxcli.io\/es\/botox-santa-ana\/#primaryimage"},"image":{"@id":"https:\/\/7b20e63ff2.nxcli.io\/es\/botox-santa-ana\/#primaryimage"},"thumbnailUrl":"http:\/\/precisionaestheticsmg.com\/wp-content\/uploads\/2018\/04\/genuine-botox.jpg","datePublished":"2019-03-01T05:17:29+00:00","dateModified":"2019-08-29T16:16:58+00:00","description":"\u00bfBusca una soluci\u00f3n no quir\u00fargica para reducir las l\u00edneas finas y las arrugas? Nuestros expertos en inyecci\u00f3n en Precision Aesthetics se especializan en tratamientos de Botox para pacientes que buscan deshacerse de las arrugas del ce\u00f1o, patas de gallo y l\u00edneas de sonrisa. Sirviendo a Santa Ana e Irvine, CA.","breadcrumb":{"@id":"https:\/\/7b20e63ff2.nxcli.io\/es\/botox-santa-ana\/#breadcrumb"},"inLanguage":"es","potentialAction":[{"@type":"ReadAction","target":["https:\/\/7b20e63ff2.nxcli.io\/es\/botox-santa-ana\/"]}]},{"@type":"ImageObject","inLanguage":"es","@id":"https:\/\/7b20e63ff2.nxcli.io\/es\/botox-santa-ana\/#primaryimage","url":"http:\/\/precisionaestheticsmg.com\/wp-content\/uploads\/2018\/04\/genuine-botox.jpg","contentUrl":"http:\/\/precisionaestheticsmg.com\/wp-content\/uploads\/2018\/04\/genuine-botox.jpg"},{"@type":"BreadcrumbList","@id":"https:\/\/7b20e63ff2.nxcli.io\/es\/botox-santa-ana\/#breadcrumb","itemListElement":[{"@type":"ListItem","position":1,"name":"Home","item":"https:\/\/7b20e63ff2.nxcli.io\/es\/"},{"@type":"ListItem","position":2,"name":"BOTOX\u00ae"}]},{"@type":"WebSite","@id":"https:\/\/7b20e63ff2.nxcli.io\/#website","url":"https:\/\/7b20e63ff2.nxcli.io\/","name":"Precision Aesthetics Medical Group - Cosmetic Specialists Orange County, CA","description":"BOTOX Specialists Santa Ana, Wrinkle Reduction Irvine, Dermal Fillers Orange County, CA","publisher":{"@id":"https:\/\/7b20e63ff2.nxcli.io\/#organization"},"potentialAction":[{"@type":"SearchAction","target":{"@type":"EntryPoint","urlTemplate":"https:\/\/7b20e63ff2.nxcli.io\/?s={search_term_string}"},"query-input":"required name=search_term_string"}],"inLanguage":"es"},{"@type":"Organization","@id":"https:\/\/7b20e63ff2.nxcli.io\/#organization","name":"Precision Aesthetics Medical Group","url":"https:\/\/7b20e63ff2.nxcli.io\/","logo":{"@type":"ImageObject","inLanguage":"es","@id":"https:\/\/7b20e63ff2.nxcli.io\/#\/schema\/logo\/image\/","url":"http:\/\/precisionaestheticsmg.com\/wp-content\/uploads\/2018\/04\/logo-1.png","contentUrl":"http:\/\/precisionaestheticsmg.com\/wp-content\/uploads\/2018\/04\/logo-1.png","width":348,"height":99,"caption":"Precision Aesthetics Medical Group"},"image":{"@id":"https:\/\/7b20e63ff2.nxcli.io\/#\/schema\/logo\/image\/"}}]}},"_links":{"self":[{"href":"https:\/\/7b20e63ff2.nxcli.io\/es\/wp-json\/wp\/v2\/pages\/555"}],"collection":[{"href":"https:\/\/7b20e63ff2.nxcli.io\/es\/wp-json\/wp\/v2\/pages"}],"about":[{"href":"https:\/\/7b20e63ff2.nxcli.io\/es\/wp-json\/wp\/v2\/types\/page"}],"author":[{"embeddable":true,"href":"https:\/\/7b20e63ff2.nxcli.io\/es\/wp-json\/wp\/v2\/users\/5"}],"replies":[{"embeddable":true,"href":"https:\/\/7b20e63ff2.nxcli.io\/es\/wp-json\/wp\/v2\/comments?post=555"}],"version-history":[{"count":5,"href":"https:\/\/7b20e63ff2.nxcli.io\/es\/wp-json\/wp\/v2\/pages\/555\/revisions"}],"predecessor-version":[{"id":1279,"href":"https:\/\/7b20e63ff2.nxcli.io\/es\/wp-json\/wp\/v2\/pages\/555\/revisions\/1279"}],"wp:attachment":[{"href":"https:\/\/7b20e63ff2.nxcli.io\/es\/wp-json\/wp\/v2\/media?parent=555"}],"curies":[{"name":"wp","href":"https:\/\/api.w.org\/{rel}","templated":true}]}}