{"id":586,"date":"2019-03-05T05:32:43","date_gmt":"2019-03-05T05:32:43","guid":{"rendered":"https:\/\/pamg.bv6bm9j6-liquidwebsites.com\/?page_id=586"},"modified":"2019-04-06T11:59:10","modified_gmt":"2019-04-06T11:59:10","slug":"juvederm-voluma","status":"publish","type":"page","link":"https:\/\/7b20e63ff2.nxcli.io\/es\/cosmetic-procedures-santa-ana\/juvederm-voluma\/","title":{"rendered":"JUV\u00c9DERM VOLUMA"},"content":{"rendered":"<div class=\"fusion-fullwidth fullwidth-box fusion-builder-row-1 nonhundred-percent-fullwidth non-hundred-percent-height-scrolling\" style=\"--awb-border-radius-top-left:0px;--awb-border-radius-top-right:0px;--awb-border-radius-bottom-right:0px;--awb-border-radius-bottom-left:0px;--awb-flex-wrap:wrap;\" ><div class=\"fusion-builder-row fusion-row\"><div class=\"fusion-layout-column fusion_builder_column fusion-builder-column-0 fusion_builder_column_1_1 1_1 fusion-one-full fusion-column-first fusion-column-last\" style=\"--awb-bg-size:cover;\"><div class=\"fusion-column-wrapper fusion-flex-column-wrapper-legacy\"><div class=\"fusion-text fusion-text-1\"><h1><span class=\"custom-head1\">JUV\u00c9DERM Voluma\u2122 en Santa Ana<\/span><\/h1>\n<p>\u00bfMejillas hundidas y desinflado? No hay problema. Ya sea que no est\u00e9s satisfecho con el perfil de tus mejillas debido a la gen\u00e9tica o al proceso de envejecimiento natural, estamos aqu\u00ed para ayudarte. En precisi\u00f3n est\u00e9tica en Santa Ana, CA, estamos encantados de anunciar la llegada de JUV\u00c9DERM VOLUMA\u2122 XC, un tratamiento no quir\u00fargico dise\u00f1ado para dar a sus mejillas un ligero levantamiento.<\/p>\n<p>La diferencia JUV\u00c9DERM VOLUMA\u2122 XC<\/p>\n<h2>Preguntas frecuentes sobre JUV\u00c9DERM VOLUMA\u2122 XC<\/h2>\n<h3>\u00bfQu\u00e9 \u00e1reas se pueden tratar?<\/h3>\n<p>El robusto relleno de gel est\u00e1 aprobado para reducir el aspecto de la p\u00e9rdida de volumen de la cara media relacionada con la edad. Las mejillas planas o hundidas pueden ser plumped, y el \u00e1rea del p\u00f3mulo se puede levantar con la ayuda de JUV\u00c9DERM VOLUMA\u2122 XC.<\/p>\n<\/div><div class=\"fusion-text fusion-text-2\"><div class=\"embed-responsive embed-responsive-16by9\"><iframe class=\"embed-responsive-item\" src=\"https:\/\/www.ispot.tv\/share\/7G69\" width=\"300\" height=\"150\" frameborder=\"0\" scrolling=\"no\" allowfullscreen=\"allowfullscreen\" data-mce-fragment=\"1\"><\/iframe><\/div>\n<p style=\"text-align: center;\">* Los resultados individuales pueden variar.<\/p>\n<\/div><div class=\"fusion-text fusion-text-3\"><h3>\u00bfCu\u00e1ntos tratamientos necesitar\u00e9? *<\/h3>\n<p>En la mayor\u00eda de los casos, los pacientes pueden cumplir con el resultado deseado con solo un simple tratamiento en la oficina. VOLUMA\u2122 proporciona resultados instant\u00e1neos y duraderos durante un m\u00e1ximo de 2 a\u00f1os. Los tratamientos de retoque se recomiendan de forma anual o semestral para prolongar el resultado del procedimiento.<\/p>\n<h3>\u00bfHay alguna restricci\u00f3n en mi actividad despu\u00e9s del tratamiento?<\/h3>\n<p>JUV\u00c9DERM VOLUMA\u2122 XC se considera a menudo un procedimiento de la hora del almuerzo porque no hay tiempo de recuperaci\u00f3n necesario. Los pacientes pueden regresar al trabajo, el hogar o las actividades sociales inmediatamente despu\u00e9s de su tratamiento. Se le puede pedir que Evite frotar o masajear la zona de tratamiento durante las primeras 24 horas despu\u00e9s de la inyecci\u00f3n.<\/p>\n<h3>\u00bfDuele? *<\/h3>\n<p>JUV\u00c9DERM VOLUMA\u2122 XC es bien tolerado para la mayor\u00eda de los pacientes. El llenador de mejillas contiene lidoca\u00edna para minimizar cualquier molestia durante el procedimiento. Sin embargo, puede sentir una ligera presi\u00f3n a medida que la aguja de la c\u00e1nula delgada se inserta justo debajo de la superficie de la piel.<\/p>\n<h3>\u00bfCu\u00e1les son los posibles efectos secundarios? *<\/h3>\n<p>Los efectos secundarios son moderados y generalmente duran de 2 a 4 semanas. Los efectos secundarios comunes incluyen reacciones temporales en el sitio de tratamiento como sensibilidad, hinchaz\u00f3n, firmeza, bultos\/protuberancias, hematomas, dolor, enrojecimiento, decoloraci\u00f3n y picaz\u00f3n.<\/p>\n<p>* Los resultados individuales pueden variar.<\/p>\n<\/div><div class=\"fusion-text fusion-text-4\"><h2>Fotos antes y despu\u00e9s *<\/h2>\n<p><img decoding=\"async\" class=\"aligncenter\" title=\"Voluma Santa Ana &amp; Irvine\" src=\"http:\/\/precisionaestheticsmg.com\/wp-content\/uploads\/2018\/04\/juvederm-patient3.jpg\" alt=\"Voluma Santa Ana &amp; Irvine\" width=\"581\" height=\"328\" \/><br \/>\n<img decoding=\"async\" class=\"aligncenter\" title=\"Voluma Cheek Augmentation Santa Ana &amp; Irvine\" src=\"http:\/\/precisionaestheticsmg.com\/wp-content\/uploads\/2018\/04\/juvederm-patient4.jpg\" alt=\"Voluma Cheek Augmentation Santa Ana &amp; Irvine\" width=\"581\" height=\"328\" \/><\/p>\n<p style=\"text-align: center;\">* Los resultados individuales pueden variar.<\/p>\n<\/div><div class=\"fusion-text fusion-text-5\"><h2>Financiamiento est\u00e9tico<\/h2>\n<p>En la Est\u00e9tica de Precisi\u00f3n, aceptamos CareCredit para su conveniencia. Te ayudamos a lucir y sentirte lo mejor posible proporcionando tratamientos de bienestar y belleza con cuotas mensuales sencillas. Con CareCredit, usted puede comprar un solo tratamiento, m\u00faltiples tratamientos en un paquete del mismo d\u00eda, o mantener la l\u00ednea de cr\u00e9dito abierta para sus servicios favoritos sobre una base m\u00e1s frecuente. Registrarse es f\u00e1cil, y usted es libre de usar sus beneficios de CareCredit inmediatamente despu\u00e9s de la aprobaci\u00f3n.<\/p>\n<p>Sin embargo, tenga en cuenta que el financiamiento de su (s) tratamiento (es) utilizando CareCredit requiere un monto m\u00ednimo de compra. P\u00f3ngase en contacto con precisi\u00f3n est\u00e9tica para obtener m\u00e1s detalles.<\/p>\n<h2>Tome el primer paso<\/h2>\n<p>\u00bfListo para aprender m\u00e1s sobre JUV\u00c9DERM VOLUMA\u2122 XC? Programe una consulta con la est\u00e9tica de precisi\u00f3n en Santa Ana\/Irvine California rellenando la solicitud de un formulario de consulta en esta p\u00e1gina o llamando al <a href=\"tel:(949) 528-8457\">(949) 528-8457<\/a>. La est\u00e9tica de la precisi\u00f3n est\u00e1 situada en la frontera de Santa Ana y de Irvine, California en proximidad cercana a las autopistas sin peaje 55, 5, 73 &amp; 405.<\/p>\n<\/div><div class=\"fusion-clearfix\"><\/div><\/div><\/div><\/div><\/div>\n","protected":false},"excerpt":{"rendered":"","protected":false},"author":5,"featured_media":0,"parent":578,"menu_order":0,"comment_status":"closed","ping_status":"closed","template":"","meta":{"content-type":"","footnotes":""},"yoast_head":"<!-- This site is optimized with the Yoast SEO plugin v22.6 - https:\/\/yoast.com\/wordpress\/plugins\/seo\/ -->\n<title>JUV\u00c9DERM VOLUMA - Precision Aesthetics Medical Group - Cosmetic Specialists Orange County, CA<\/title>\n<meta name=\"description\" content=\"\u00bfEst\u00e1s buscando agregar volumen perdido a tus mejillas? Precision Aesthetics ofrece las inyecciones de Juvederm Voluma para tratar espec\u00edficamente la p\u00e9rdida de volumen en la regi\u00f3n media de la cara para restaurar un contorno facial m\u00e1s juvenil. Al servicio de Santa Ana e Irvine, CA.\" \/>\n<meta name=\"robots\" content=\"noindex, follow, max-snippet:-1, max-image-preview:large, max-video-preview:-1\" \/>\n<meta name=\"twitter:label1\" content=\"Tiempo de lectura\" \/>\n\t<meta name=\"twitter:data1\" content=\"4 minutos\" \/>\n<script type=\"application\/ld+json\" class=\"yoast-schema-graph\">{\"@context\":\"https:\/\/schema.org\",\"@graph\":[{\"@type\":\"WebPage\",\"@id\":\"https:\/\/7b20e63ff2.nxcli.io\/es\/cosmetic-procedures-santa-ana\/juvederm-voluma\/\",\"url\":\"https:\/\/7b20e63ff2.nxcli.io\/es\/cosmetic-procedures-santa-ana\/juvederm-voluma\/\",\"name\":\"JUV\u00c9DERM VOLUMA - Precision Aesthetics Medical Group - Cosmetic Specialists Orange County, CA\",\"isPartOf\":{\"@id\":\"https:\/\/7b20e63ff2.nxcli.io\/#website\"},\"primaryImageOfPage\":{\"@id\":\"https:\/\/7b20e63ff2.nxcli.io\/es\/cosmetic-procedures-santa-ana\/juvederm-voluma\/#primaryimage\"},\"image\":{\"@id\":\"https:\/\/7b20e63ff2.nxcli.io\/es\/cosmetic-procedures-santa-ana\/juvederm-voluma\/#primaryimage\"},\"thumbnailUrl\":\"http:\/\/precisionaestheticsmg.com\/wp-content\/uploads\/2018\/04\/juvederm-patient3.jpg\",\"datePublished\":\"2019-03-05T05:32:43+00:00\",\"dateModified\":\"2019-04-06T11:59:10+00:00\",\"description\":\"\u00bfEst\u00e1s buscando agregar volumen perdido a tus mejillas? Precision Aesthetics ofrece las inyecciones de Juvederm Voluma para tratar espec\u00edficamente la p\u00e9rdida de volumen en la regi\u00f3n media de la cara para restaurar un contorno facial m\u00e1s juvenil. Al servicio de Santa Ana e Irvine, CA.\",\"breadcrumb\":{\"@id\":\"https:\/\/7b20e63ff2.nxcli.io\/es\/cosmetic-procedures-santa-ana\/juvederm-voluma\/#breadcrumb\"},\"inLanguage\":\"es\",\"potentialAction\":[{\"@type\":\"ReadAction\",\"target\":[\"https:\/\/7b20e63ff2.nxcli.io\/es\/cosmetic-procedures-santa-ana\/juvederm-voluma\/\"]}]},{\"@type\":\"ImageObject\",\"inLanguage\":\"es\",\"@id\":\"https:\/\/7b20e63ff2.nxcli.io\/es\/cosmetic-procedures-santa-ana\/juvederm-voluma\/#primaryimage\",\"url\":\"http:\/\/precisionaestheticsmg.com\/wp-content\/uploads\/2018\/04\/juvederm-patient3.jpg\",\"contentUrl\":\"http:\/\/precisionaestheticsmg.com\/wp-content\/uploads\/2018\/04\/juvederm-patient3.jpg\"},{\"@type\":\"BreadcrumbList\",\"@id\":\"https:\/\/7b20e63ff2.nxcli.io\/es\/cosmetic-procedures-santa-ana\/juvederm-voluma\/#breadcrumb\",\"itemListElement\":[{\"@type\":\"ListItem\",\"position\":1,\"name\":\"Home\",\"item\":\"https:\/\/7b20e63ff2.nxcli.io\/es\/\"},{\"@type\":\"ListItem\",\"position\":2,\"name\":\"PROCEDURES\",\"item\":\"https:\/\/7b20e63ff2.nxcli.io\/es\/cosmetic-procedures-santa-ana\/\"},{\"@type\":\"ListItem\",\"position\":3,\"name\":\"JUV\u00c9DERM VOLUMA\"}]},{\"@type\":\"WebSite\",\"@id\":\"https:\/\/7b20e63ff2.nxcli.io\/#website\",\"url\":\"https:\/\/7b20e63ff2.nxcli.io\/\",\"name\":\"Precision Aesthetics Medical Group - Cosmetic Specialists Orange County, CA\",\"description\":\"BOTOX Specialists Santa Ana, Wrinkle Reduction Irvine, Dermal Fillers Orange County, CA\",\"publisher\":{\"@id\":\"https:\/\/7b20e63ff2.nxcli.io\/#organization\"},\"potentialAction\":[{\"@type\":\"SearchAction\",\"target\":{\"@type\":\"EntryPoint\",\"urlTemplate\":\"https:\/\/7b20e63ff2.nxcli.io\/?s={search_term_string}\"},\"query-input\":\"required name=search_term_string\"}],\"inLanguage\":\"es\"},{\"@type\":\"Organization\",\"@id\":\"https:\/\/7b20e63ff2.nxcli.io\/#organization\",\"name\":\"Precision Aesthetics Medical Group\",\"url\":\"https:\/\/7b20e63ff2.nxcli.io\/\",\"logo\":{\"@type\":\"ImageObject\",\"inLanguage\":\"es\",\"@id\":\"https:\/\/7b20e63ff2.nxcli.io\/#\/schema\/logo\/image\/\",\"url\":\"http:\/\/precisionaestheticsmg.com\/wp-content\/uploads\/2018\/04\/logo-1.png\",\"contentUrl\":\"http:\/\/precisionaestheticsmg.com\/wp-content\/uploads\/2018\/04\/logo-1.png\",\"width\":348,\"height\":99,\"caption\":\"Precision Aesthetics Medical Group\"},\"image\":{\"@id\":\"https:\/\/7b20e63ff2.nxcli.io\/#\/schema\/logo\/image\/\"}}]}<\/script>\n<!-- \/ Yoast SEO plugin. -->","yoast_head_json":{"title":"JUV\u00c9DERM VOLUMA - Precision Aesthetics Medical Group - Cosmetic Specialists Orange County, CA","description":"\u00bfEst\u00e1s buscando agregar volumen perdido a tus mejillas? Precision Aesthetics ofrece las inyecciones de Juvederm Voluma para tratar espec\u00edficamente la p\u00e9rdida de volumen en la regi\u00f3n media de la cara para restaurar un contorno facial m\u00e1s juvenil. Al servicio de Santa Ana e Irvine, CA.","robots":{"index":"noindex","follow":"follow","max-snippet":"max-snippet:-1","max-image-preview":"max-image-preview:large","max-video-preview":"max-video-preview:-1"},"twitter_misc":{"Tiempo de lectura":"4 minutos"},"schema":{"@context":"https:\/\/schema.org","@graph":[{"@type":"WebPage","@id":"https:\/\/7b20e63ff2.nxcli.io\/es\/cosmetic-procedures-santa-ana\/juvederm-voluma\/","url":"https:\/\/7b20e63ff2.nxcli.io\/es\/cosmetic-procedures-santa-ana\/juvederm-voluma\/","name":"JUV\u00c9DERM VOLUMA - Precision Aesthetics Medical Group - Cosmetic Specialists Orange County, CA","isPartOf":{"@id":"https:\/\/7b20e63ff2.nxcli.io\/#website"},"primaryImageOfPage":{"@id":"https:\/\/7b20e63ff2.nxcli.io\/es\/cosmetic-procedures-santa-ana\/juvederm-voluma\/#primaryimage"},"image":{"@id":"https:\/\/7b20e63ff2.nxcli.io\/es\/cosmetic-procedures-santa-ana\/juvederm-voluma\/#primaryimage"},"thumbnailUrl":"http:\/\/precisionaestheticsmg.com\/wp-content\/uploads\/2018\/04\/juvederm-patient3.jpg","datePublished":"2019-03-05T05:32:43+00:00","dateModified":"2019-04-06T11:59:10+00:00","description":"\u00bfEst\u00e1s buscando agregar volumen perdido a tus mejillas? Precision Aesthetics ofrece las inyecciones de Juvederm Voluma para tratar espec\u00edficamente la p\u00e9rdida de volumen en la regi\u00f3n media de la cara para restaurar un contorno facial m\u00e1s juvenil. Al servicio de Santa Ana e Irvine, CA.","breadcrumb":{"@id":"https:\/\/7b20e63ff2.nxcli.io\/es\/cosmetic-procedures-santa-ana\/juvederm-voluma\/#breadcrumb"},"inLanguage":"es","potentialAction":[{"@type":"ReadAction","target":["https:\/\/7b20e63ff2.nxcli.io\/es\/cosmetic-procedures-santa-ana\/juvederm-voluma\/"]}]},{"@type":"ImageObject","inLanguage":"es","@id":"https:\/\/7b20e63ff2.nxcli.io\/es\/cosmetic-procedures-santa-ana\/juvederm-voluma\/#primaryimage","url":"http:\/\/precisionaestheticsmg.com\/wp-content\/uploads\/2018\/04\/juvederm-patient3.jpg","contentUrl":"http:\/\/precisionaestheticsmg.com\/wp-content\/uploads\/2018\/04\/juvederm-patient3.jpg"},{"@type":"BreadcrumbList","@id":"https:\/\/7b20e63ff2.nxcli.io\/es\/cosmetic-procedures-santa-ana\/juvederm-voluma\/#breadcrumb","itemListElement":[{"@type":"ListItem","position":1,"name":"Home","item":"https:\/\/7b20e63ff2.nxcli.io\/es\/"},{"@type":"ListItem","position":2,"name":"PROCEDURES","item":"https:\/\/7b20e63ff2.nxcli.io\/es\/cosmetic-procedures-santa-ana\/"},{"@type":"ListItem","position":3,"name":"JUV\u00c9DERM VOLUMA"}]},{"@type":"WebSite","@id":"https:\/\/7b20e63ff2.nxcli.io\/#website","url":"https:\/\/7b20e63ff2.nxcli.io\/","name":"Precision Aesthetics Medical Group - Cosmetic Specialists Orange County, CA","description":"BOTOX Specialists Santa Ana, Wrinkle Reduction Irvine, Dermal Fillers Orange County, CA","publisher":{"@id":"https:\/\/7b20e63ff2.nxcli.io\/#organization"},"potentialAction":[{"@type":"SearchAction","target":{"@type":"EntryPoint","urlTemplate":"https:\/\/7b20e63ff2.nxcli.io\/?s={search_term_string}"},"query-input":"required name=search_term_string"}],"inLanguage":"es"},{"@type":"Organization","@id":"https:\/\/7b20e63ff2.nxcli.io\/#organization","name":"Precision Aesthetics Medical Group","url":"https:\/\/7b20e63ff2.nxcli.io\/","logo":{"@type":"ImageObject","inLanguage":"es","@id":"https:\/\/7b20e63ff2.nxcli.io\/#\/schema\/logo\/image\/","url":"http:\/\/precisionaestheticsmg.com\/wp-content\/uploads\/2018\/04\/logo-1.png","contentUrl":"http:\/\/precisionaestheticsmg.com\/wp-content\/uploads\/2018\/04\/logo-1.png","width":348,"height":99,"caption":"Precision Aesthetics Medical Group"},"image":{"@id":"https:\/\/7b20e63ff2.nxcli.io\/#\/schema\/logo\/image\/"}}]}},"_links":{"self":[{"href":"https:\/\/7b20e63ff2.nxcli.io\/es\/wp-json\/wp\/v2\/pages\/586"}],"collection":[{"href":"https:\/\/7b20e63ff2.nxcli.io\/es\/wp-json\/wp\/v2\/pages"}],"about":[{"href":"https:\/\/7b20e63ff2.nxcli.io\/es\/wp-json\/wp\/v2\/types\/page"}],"author":[{"embeddable":true,"href":"https:\/\/7b20e63ff2.nxcli.io\/es\/wp-json\/wp\/v2\/users\/5"}],"replies":[{"embeddable":true,"href":"https:\/\/7b20e63ff2.nxcli.io\/es\/wp-json\/wp\/v2\/comments?post=586"}],"version-history":[{"count":0,"href":"https:\/\/7b20e63ff2.nxcli.io\/es\/wp-json\/wp\/v2\/pages\/586\/revisions"}],"up":[{"embeddable":true,"href":"https:\/\/7b20e63ff2.nxcli.io\/es\/wp-json\/wp\/v2\/pages\/578"}],"wp:attachment":[{"href":"https:\/\/7b20e63ff2.nxcli.io\/es\/wp-json\/wp\/v2\/media?parent=586"}],"curies":[{"name":"wp","href":"https:\/\/api.w.org\/{rel}","templated":true}]}}