{"id":605,"date":"2019-03-12T05:26:48","date_gmt":"2019-03-12T05:26:48","guid":{"rendered":"https:\/\/pamg.bv6bm9j6-liquidwebsites.com\/?page_id=605"},"modified":"2019-04-06T12:05:16","modified_gmt":"2019-04-06T12:05:16","slug":"laser-genesis","status":"publish","type":"page","link":"https:\/\/7b20e63ff2.nxcli.io\/es\/laser-genesis\/","title":{"rendered":"LASER GENESIS"},"content":{"rendered":"<p><div class=\"fusion-fullwidth fullwidth-box fusion-builder-row-1 nonhundred-percent-fullwidth non-hundred-percent-height-scrolling\" style=\"--awb-border-radius-top-left:0px;--awb-border-radius-top-right:0px;--awb-border-radius-bottom-right:0px;--awb-border-radius-bottom-left:0px;--awb-flex-wrap:wrap;\" ><div class=\"fusion-builder-row fusion-row\"><div class=\"fusion-layout-column fusion_builder_column fusion-builder-column-0 fusion_builder_column_1_1 1_1 fusion-one-full fusion-column-first fusion-column-last\" style=\"--awb-bg-size:cover;\"><div class=\"fusion-column-wrapper fusion-flex-column-wrapper-legacy\"><div class=\"fusion-text fusion-text-1\"><h1>G\u00e9nesis L\u00e1ser \u00a0<span class=\"custom-head1\">en Santa Ana\/Irvine<\/span><\/h1>\n<p><img decoding=\"async\" class=\"alignright\" title=\"Cutera Laser Genesis\" src=\"http:\/\/precisionaestheticsmg.com\/wp-content\/uploads\/2018\/04\/cutera-laser-genesis.jpg\" alt=\"Cutera Laser Genesis\" width=\"295\" height=\"241\" \/><\/p>\n<p>\u00abUno de un tipo\u00bb rejuvenecimiento de la piel del laser para el tratamiento de l\u00edneas finas, arrugas, poros grandes, textura de la piel, y enrojecimiento.<\/p>\n<p>Laser Genesis es un elemento b\u00e1sico del cuidado de la piel en nuestra pr\u00e1ctica. Es un multiusos, toda la estaci\u00f3n, toda la soluci\u00f3n del tipo de la piel para la salud total de la piel.<\/p>\n<p>La terapia de la piel del laser Genesis es una manera tecnol\u00f3gicamente avanzada innovadora de promover la piel vibrante y sana del aspecto en hombres y mujeres. Ahora puedes tener una apariencia m\u00e1s juvenil al tratar aquellas afecciones que se asocian t\u00edpicamente con signos prematuros de envejecimiento y da\u00f1o al sol, como enrojecimiento excesivo, poros grandes, textura desigual y arrugas finas en la l\u00ednea. El procedimiento laser Genesis ha sido cient\u00edficamente probado para producir col\u00e1geno nuevo.<\/p>\n<p><img decoding=\"async\" class=\"aligncenter\" title=\"Cutera Genesis Santa Ana\" src=\"http:\/\/precisionaestheticsmg.com\/wp-content\/uploads\/2018\/04\/cutera-genesis-images.jpg\" alt=\"Cutera Genesis Santa Ana\" width=\"600\" height=\"530\" \/><\/p>\n<p style=\"text-align: center;\">* Los resultados individuales pueden variar.<\/p>\n<h2>La Diferencia de G\u00e9nesis de L\u00e1ser<\/h2>\n<p>El procedimiento laser Genesis utiliza tecnolog\u00eda l\u00e1ser no invasiva para tratar de forma segura, discreta y efectiva las arrugas finas de la l\u00ednea, los poros grandes, la textura desigual de la piel, el enrojecimiento difuso y las cicatrices. Usted puede esperar ver resultados sutiles pero consistentes despu\u00e9s de cada tratamiento, sin efectos secundarios no deseados como hematomas o irritaci\u00f3n cut\u00e1nea excesiva. Los tratamientos se pueden realizar de una manera relajada y c\u00f3moda sin el uso de anest\u00e9sicos t\u00f3picos o gel.<\/p>\n<h2>Preguntas Frecuentes de Laser Genesis<\/h2>\n<h3>\u00bfQu\u00e9 \u00e1reas se pueden tratar?<\/h3>\n<p>Los pacientes con l\u00e1ser Genesis reportan excelentes resultados sobre sus caras y cuellos enteros. Adem\u00e1s, los practicantes pueden sugerir esta terapia para disminuir las cicatrices recientes en otras partes del cuerpo.<\/p>\n<h3>\u00bfQu\u00e9 es el enrojecimiento difuso?<\/h3>\n<p>El enrojecimiento difuso es una apariencia general de enrojecimiento facial, como mejillas rosadas. Esta afecci\u00f3n es causada por capilares dilatados, resultando en una apariencia de enrojecimiento general, no discretos, vasos bien definidos. Las \u00e1reas m\u00e1s com\u00fanmente afectadas son la nariz, la frente y las mejillas. El enrojecimiento difuso a menudo se asocia con una afecci\u00f3n llamada ros\u00e1cea y puede ser hereditaria. La g\u00e9nesis l\u00e1ser ayudar\u00e1 a su aparici\u00f3n al tratar y reducir suavemente esta afecci\u00f3n.<\/p>\n<p><img decoding=\"async\" class=\"aligncenter wp-image-537 size-600\" title=\"Laser Genesis Santa Ana\" src=\"http:\/\/precisionaestheticsmg.com\/wp-content\/uploads\/2019\/02\/laser-genesis-santa-ana-600x305.jpg\" alt=\"Laser Genesis Santa Ana\" width=\"600\" height=\"305\" srcset=\"https:\/\/7b20e63ff2.nxcli.io\/wp-content\/uploads\/2019\/02\/laser-genesis-santa-ana-200x102.jpg 200w, https:\/\/7b20e63ff2.nxcli.io\/wp-content\/uploads\/2019\/02\/laser-genesis-santa-ana-300x153.jpg 300w, https:\/\/7b20e63ff2.nxcli.io\/wp-content\/uploads\/2019\/02\/laser-genesis-santa-ana-400x203.jpg 400w, https:\/\/7b20e63ff2.nxcli.io\/wp-content\/uploads\/2019\/02\/laser-genesis-santa-ana.jpg 600w\" sizes=\"(max-width: 600px) 100vw, 600px\" \/><\/p>\n<p style=\"text-align: center;\">* Los resultados individuales pueden variar.<\/p>\n<h3>\u00bfC\u00f3mo se siente el procedimiento?<\/h3>\n<p>Los pacientes a menudo describen el tratamiento como relajante y terap\u00e9utico. Usted experimentar\u00e1 un calentamiento suave de la superficie de su piel durante el procedimiento, ya que la pieza de mano l\u00e1ser se mueve hacia adelante y hacia atr\u00e1s alrededor de 1\/2 pulgadas por encima de su piel. Puede volver inmediatamente a las actividades normales, utilizando protector solar si participa en actividades al aire libre.<\/p>\n<h3>\u00bfC\u00f3mo funciona Laser Genesis?<\/h3>\n<p>Calentando suavemente la dermis superior muy por debajo de la superficie de la piel, laser Genesis estimula el rebrote de col\u00e1geno. Se genera calor adicional en los capilares dilatados para reducir el enrojecimiento.<\/p>\n<h3>\u00bfQu\u00e9 puedo esperar antes del tratamiento?<\/h3>\n<p>No necesitar\u00e1 gel, crema anest\u00e9sica ni hielo antes del tratamiento. Antes del tratamiento con laser Genesis, se le pedir\u00e1 que retire su maquillaje o humectantes y, en algunos casos, se le puede pedir que afeite el \u00e1rea a tratar. Su m\u00e9dico revisar\u00e1 y asistir\u00e1 con todos los requisitos previos al tratamiento.<\/p>\n<p><img decoding=\"async\" class=\"aligncenter wp-image-2632 size-full\" title=\"Laser Genesis Santa Ana\" src=\"http:\/\/precisionaestheticsmg.com\/wp-content\/uploads\/2018\/04\/Goldberg.jpg\" alt=\"Laser Genesis Santa Ana\" width=\"600\" height=\"720\" \/><\/p>\n<p style=\"text-align: center;\">*Individual results may vary.<\/p>\n<h3>\u00bfCu\u00e1ntos tratamientos necesitar\u00e9? *<\/h3>\n<p>Los resultados del tratamiento son a menudo sutiles. En promedio, usted puede requerir de cuatro a seis tratamientos con el fin de lograr resultados \u00f3ptimos. La condici\u00f3n y las necesidades de cada paciente var\u00edan.<\/p>\n<p><img decoding=\"async\" class=\"aligncenter wp-image-539 size-full\" title=\"Laser Genesis Irvine\" src=\"http:\/\/precisionaestheticsmg.com\/wp-content\/uploads\/2019\/02\/laser-genesis-irvine.jpg\" alt=\"Laser Genesis Irvine\" width=\"551\" height=\"411\" srcset=\"https:\/\/7b20e63ff2.nxcli.io\/wp-content\/uploads\/2019\/02\/laser-genesis-irvine-200x149.jpg 200w, https:\/\/7b20e63ff2.nxcli.io\/wp-content\/uploads\/2019\/02\/laser-genesis-irvine-300x224.jpg 300w, https:\/\/7b20e63ff2.nxcli.io\/wp-content\/uploads\/2019\/02\/laser-genesis-irvine-400x298.jpg 400w, https:\/\/7b20e63ff2.nxcli.io\/wp-content\/uploads\/2019\/02\/laser-genesis-irvine.jpg 551w\" sizes=\"(max-width: 551px) 100vw, 551px\" \/><\/p>\n<p style=\"text-align: center;\">* Los resultados individuales pueden variar.<\/p>\n<h3>\u00bfCu\u00e1les son los posibles efectos secundarios? *<\/h3>\n<p>Aunque la mayor\u00eda de los pacientes reportan pocos efectos secundarios, el m\u00e1s com\u00fan es un leve enrojecimiento que desaparece dentro de unas pocas horas de tratamiento. Consulte a su m\u00e9dico para obtener informaci\u00f3n completa sobre los beneficios y riesgos del tratamiento.<\/p>\n<h3>\u00bfQu\u00e9 tipo de mejoras textura se puede esperar con la terapia de la piel laser Genesis?<\/h3>\n<p>En el transcurso de cuatro a cinco tratamientos, laser Genesis puede ayudar a restaurar el brillo y la apariencia juvenil de la piel suavizando las texturas irregulares causadas por el envejecimiento, el da\u00f1o solar o las cicatrices. Ver\u00e1 una tez m\u00e1s cremosa y sana, ya que los poros grandes se reducen de tama\u00f1o, y se disminuyen las imperfecciones menores. Los resultados individuales del tratamiento son sutiles, pero el efecto general de los tratamientos m\u00faltiples puede ser bastante dram\u00e1tico.<\/p>\n<\/div><div class=\"fusion-clearfix\"><\/div><\/div><\/div><\/div><\/div><div class=\"fusion-fullwidth fullwidth-box fusion-builder-row-2 nonhundred-percent-fullwidth non-hundred-percent-height-scrolling\" style=\"--awb-border-radius-top-left:0px;--awb-border-radius-top-right:0px;--awb-border-radius-bottom-right:0px;--awb-border-radius-bottom-left:0px;--awb-flex-wrap:wrap;\" ><div class=\"fusion-builder-row fusion-row\"><div class=\"fusion-layout-column fusion_builder_column fusion-builder-column-1 fusion_builder_column_1_2 1_2 fusion-one-half fusion-column-first\" style=\"--awb-bg-size:cover;width:50%;width:calc(50% - ( ( 4% ) * 0.5 ) );margin-right: 4%;\"><div class=\"fusion-column-wrapper fusion-flex-column-wrapper-legacy\"><div class=\"fusion-image-element fusion-image-align-center in-legacy-container\" style=\"text-align:center;--awb-caption-title-font-family:var(--h2_typography-font-family);--awb-caption-title-font-weight:var(--h2_typography-font-weight);--awb-caption-title-font-style:var(--h2_typography-font-style);--awb-caption-title-size:var(--h2_typography-font-size);--awb-caption-title-transform:var(--h2_typography-text-transform);--awb-caption-title-line-height:var(--h2_typography-line-height);--awb-caption-title-letter-spacing:var(--h2_typography-letter-spacing);\"><div class=\"imageframe-align-center\"><span class=\" fusion-imageframe imageframe-none imageframe-1 hover-type-none\"><img decoding=\"async\" width=\"300\" height=\"297\" alt=\"Before Laser Genesis Santa Ana &amp; Irvine\" title=\"Before Laser Genesis Santa Ana &#038; Irvine\" src=\"http:\/\/precisionaestheticsmg.com\/wp-content\/uploads\/2018\/04\/KS166crBEFORE-300x297.jpg\" class=\"img-responsive wp-image-171\" srcset=\"https:\/\/7b20e63ff2.nxcli.io\/wp-content\/uploads\/2018\/04\/KS166crBEFORE-200x198.jpg 200w, https:\/\/7b20e63ff2.nxcli.io\/wp-content\/uploads\/2018\/04\/KS166crBEFORE-400x397.jpg 400w, https:\/\/7b20e63ff2.nxcli.io\/wp-content\/uploads\/2018\/04\/KS166crBEFORE-600x595.jpg 600w, https:\/\/7b20e63ff2.nxcli.io\/wp-content\/uploads\/2018\/04\/KS166crBEFORE-800x793.jpg 800w, https:\/\/7b20e63ff2.nxcli.io\/wp-content\/uploads\/2018\/04\/KS166crBEFORE.jpg 948w\" sizes=\"(max-width: 800px) 100vw, 800px\" \/><\/span><\/div><\/div><div class=\"fusion-clearfix\"><\/div><\/div><\/div><div class=\"fusion-layout-column fusion_builder_column fusion-builder-column-2 fusion_builder_column_1_2 1_2 fusion-one-half fusion-column-last\" style=\"--awb-bg-size:cover;width:50%;width:calc(50% - ( ( 4% ) * 0.5 ) );\"><div class=\"fusion-column-wrapper fusion-flex-column-wrapper-legacy\"><div class=\"fusion-image-element fusion-image-align-center in-legacy-container\" style=\"text-align:center;--awb-caption-title-font-family:var(--h2_typography-font-family);--awb-caption-title-font-weight:var(--h2_typography-font-weight);--awb-caption-title-font-style:var(--h2_typography-font-style);--awb-caption-title-size:var(--h2_typography-font-size);--awb-caption-title-transform:var(--h2_typography-text-transform);--awb-caption-title-line-height:var(--h2_typography-line-height);--awb-caption-title-letter-spacing:var(--h2_typography-letter-spacing);\"><div class=\"imageframe-align-center\"><span class=\" fusion-imageframe imageframe-none imageframe-2 hover-type-none\"><img decoding=\"async\" width=\"288\" height=\"300\" alt=\"After Laser Genesis Santa Ana &amp; Irvine\" title=\"After Laser Genesis Santa Ana &#038; Irvine\" src=\"http:\/\/precisionaestheticsmg.com\/wp-content\/uploads\/2018\/04\/KS536crAFTER-288x300.jpg\" class=\"img-responsive wp-image-172\" srcset=\"https:\/\/7b20e63ff2.nxcli.io\/wp-content\/uploads\/2018\/04\/KS536crAFTER-200x208.jpg 200w, https:\/\/7b20e63ff2.nxcli.io\/wp-content\/uploads\/2018\/04\/KS536crAFTER-400x417.jpg 400w, https:\/\/7b20e63ff2.nxcli.io\/wp-content\/uploads\/2018\/04\/KS536crAFTER-600x625.jpg 600w, https:\/\/7b20e63ff2.nxcli.io\/wp-content\/uploads\/2018\/04\/KS536crAFTER-800x833.jpg 800w, https:\/\/7b20e63ff2.nxcli.io\/wp-content\/uploads\/2018\/04\/KS536crAFTER.jpg 916w\" sizes=\"(max-width: 800px) 100vw, 800px\" \/><\/span><\/div><\/div><div class=\"fusion-clearfix\"><\/div><\/div><\/div><\/div><\/div><div class=\"fusion-fullwidth fullwidth-box fusion-builder-row-3 nonhundred-percent-fullwidth non-hundred-percent-height-scrolling\" style=\"--awb-border-radius-top-left:0px;--awb-border-radius-top-right:0px;--awb-border-radius-bottom-right:0px;--awb-border-radius-bottom-left:0px;--awb-flex-wrap:wrap;\" ><div class=\"fusion-builder-row fusion-row\"><div class=\"fusion-layout-column fusion_builder_column fusion-builder-column-3 fusion_builder_column_1_1 1_1 fusion-one-full fusion-column-first fusion-column-last\" style=\"--awb-bg-size:cover;\"><div class=\"fusion-column-wrapper fusion-flex-column-wrapper-legacy\"><div class=\"fusion-text fusion-text-2\"><p style=\"text-align: center;\">* Los resultados individuales pueden variar.<\/p>\n<\/div><div class=\"fusion-text fusion-text-3\"><h2 data-fontsize=\"28\" data-lineheight=\"42\">Financiamiento Est\u00e9tico<\/h2>\n<p>En la est\u00e9tica de precisi\u00f3n, aceptamos CareCredit para su conveniencia. Te ayudamos a lucir y sentirte lo mejor posible proporcionando tratamientos de bienestar y belleza con cuotas mensuales sencillas. Con CareCredit, usted puede comprar un solo tratamiento, m\u00faltiples tratamientos en un paquete del mismo d\u00eda, o mantener la l\u00ednea de cr\u00e9dito abierta para sus servicios favoritos sobre una base m\u00e1s frecuente. Registrarse es f\u00e1cil, y usted es libre de usar sus beneficios de CareCredit inmediatamente despu\u00e9s de la aprobaci\u00f3n.<\/p>\n<p>Sin embargo, tenga en cuenta que el financiamiento de su (s) tratamiento (es) utilizando CareCredit requiere un monto m\u00ednimo de compra. P\u00f3ngase en contacto con precisi\u00f3n est\u00e9tica para obtener m\u00e1s detalles.<\/p>\n<\/div><div class=\"fusion-text fusion-text-4\"><h2 data-fontsize=\"28\" data-lineheight=\"42\">Tome el Primer Paso<\/h2>\n<p>\u00bfListo para aprender m\u00e1s sobre Genesis l\u00e1ser? Programe una consulta con la est\u00e9tica de precisi\u00f3n en Santa Ana\/Irvine California rellenando la solicitud de un formulario de consulta en esta p\u00e1gina o llamando al <a href=\"tel:949-477-9740\"><strong>(949) 477-9740<\/strong><\/a>. La est\u00e9tica de la precisi\u00f3n est\u00e1 situada en la frontera de Santa Ana y de Irvine, California en proximidad cercana a las autopistas sin peaje 55, 5, 73 &amp; 405.<\/p>\n<\/div><div class=\"fusion-clearfix\"><\/div><\/div><\/div><\/div><\/div><\/p>\n","protected":false},"excerpt":{"rendered":"","protected":false},"author":5,"featured_media":0,"parent":0,"menu_order":0,"comment_status":"closed","ping_status":"closed","template":"","meta":{"content-type":"","footnotes":""},"yoast_head":"<!-- This site is optimized with the Yoast SEO plugin v22.6 - https:\/\/yoast.com\/wordpress\/plugins\/seo\/ -->\n<title>LASER GENESIS - Precision Aesthetics Medical Group - Cosmetic Specialists Orange County, CA<\/title>\n<meta name=\"description\" content=\"\u00bfEst\u00e1 buscando un tratamiento de rejuvenecimiento cut\u00e1neo con l\u00e1ser para tratar las l\u00edneas finas, arrugas, poros grandes, textura de la piel y enrojecimiento? Precision Aesthetics ofrece terapia de la piel con l\u00e1ser Genesis para ayudar a combatir m\u00faltiples problemas de la piel. Al servicio de Santa Ana e Irvine, CA.\" \/>\n<meta name=\"robots\" content=\"noindex, follow, max-snippet:-1, max-image-preview:large, max-video-preview:-1\" \/>\n<meta name=\"twitter:label1\" content=\"Tiempo de lectura\" \/>\n\t<meta name=\"twitter:data1\" content=\"8 minutos\" \/>\n<script type=\"application\/ld+json\" class=\"yoast-schema-graph\">{\"@context\":\"https:\/\/schema.org\",\"@graph\":[{\"@type\":\"WebPage\",\"@id\":\"https:\/\/7b20e63ff2.nxcli.io\/es\/laser-genesis\/\",\"url\":\"https:\/\/7b20e63ff2.nxcli.io\/es\/laser-genesis\/\",\"name\":\"LASER GENESIS - Precision Aesthetics Medical Group - Cosmetic Specialists Orange County, CA\",\"isPartOf\":{\"@id\":\"https:\/\/7b20e63ff2.nxcli.io\/#website\"},\"primaryImageOfPage\":{\"@id\":\"https:\/\/7b20e63ff2.nxcli.io\/es\/laser-genesis\/#primaryimage\"},\"image\":{\"@id\":\"https:\/\/7b20e63ff2.nxcli.io\/es\/laser-genesis\/#primaryimage\"},\"thumbnailUrl\":\"http:\/\/precisionaestheticsmg.com\/wp-content\/uploads\/2018\/04\/cutera-laser-genesis.jpg\",\"datePublished\":\"2019-03-12T05:26:48+00:00\",\"dateModified\":\"2019-04-06T12:05:16+00:00\",\"description\":\"\u00bfEst\u00e1 buscando un tratamiento de rejuvenecimiento cut\u00e1neo con l\u00e1ser para tratar las l\u00edneas finas, arrugas, poros grandes, textura de la piel y enrojecimiento? Precision Aesthetics ofrece terapia de la piel con l\u00e1ser Genesis para ayudar a combatir m\u00faltiples problemas de la piel. Al servicio de Santa Ana e Irvine, CA.\",\"breadcrumb\":{\"@id\":\"https:\/\/7b20e63ff2.nxcli.io\/es\/laser-genesis\/#breadcrumb\"},\"inLanguage\":\"es\",\"potentialAction\":[{\"@type\":\"ReadAction\",\"target\":[\"https:\/\/7b20e63ff2.nxcli.io\/es\/laser-genesis\/\"]}]},{\"@type\":\"ImageObject\",\"inLanguage\":\"es\",\"@id\":\"https:\/\/7b20e63ff2.nxcli.io\/es\/laser-genesis\/#primaryimage\",\"url\":\"http:\/\/precisionaestheticsmg.com\/wp-content\/uploads\/2018\/04\/cutera-laser-genesis.jpg\",\"contentUrl\":\"http:\/\/precisionaestheticsmg.com\/wp-content\/uploads\/2018\/04\/cutera-laser-genesis.jpg\"},{\"@type\":\"BreadcrumbList\",\"@id\":\"https:\/\/7b20e63ff2.nxcli.io\/es\/laser-genesis\/#breadcrumb\",\"itemListElement\":[{\"@type\":\"ListItem\",\"position\":1,\"name\":\"Home\",\"item\":\"https:\/\/7b20e63ff2.nxcli.io\/es\/\"},{\"@type\":\"ListItem\",\"position\":2,\"name\":\"LASER GENESIS\"}]},{\"@type\":\"WebSite\",\"@id\":\"https:\/\/7b20e63ff2.nxcli.io\/#website\",\"url\":\"https:\/\/7b20e63ff2.nxcli.io\/\",\"name\":\"Precision Aesthetics Medical Group - Cosmetic Specialists Orange County, CA\",\"description\":\"BOTOX Specialists Santa Ana, Wrinkle Reduction Irvine, Dermal Fillers Orange County, CA\",\"publisher\":{\"@id\":\"https:\/\/7b20e63ff2.nxcli.io\/#organization\"},\"potentialAction\":[{\"@type\":\"SearchAction\",\"target\":{\"@type\":\"EntryPoint\",\"urlTemplate\":\"https:\/\/7b20e63ff2.nxcli.io\/?s={search_term_string}\"},\"query-input\":\"required name=search_term_string\"}],\"inLanguage\":\"es\"},{\"@type\":\"Organization\",\"@id\":\"https:\/\/7b20e63ff2.nxcli.io\/#organization\",\"name\":\"Precision Aesthetics Medical Group\",\"url\":\"https:\/\/7b20e63ff2.nxcli.io\/\",\"logo\":{\"@type\":\"ImageObject\",\"inLanguage\":\"es\",\"@id\":\"https:\/\/7b20e63ff2.nxcli.io\/#\/schema\/logo\/image\/\",\"url\":\"http:\/\/precisionaestheticsmg.com\/wp-content\/uploads\/2018\/04\/logo-1.png\",\"contentUrl\":\"http:\/\/precisionaestheticsmg.com\/wp-content\/uploads\/2018\/04\/logo-1.png\",\"width\":348,\"height\":99,\"caption\":\"Precision Aesthetics Medical Group\"},\"image\":{\"@id\":\"https:\/\/7b20e63ff2.nxcli.io\/#\/schema\/logo\/image\/\"}}]}<\/script>\n<!-- \/ Yoast SEO plugin. -->","yoast_head_json":{"title":"LASER GENESIS - Precision Aesthetics Medical Group - Cosmetic Specialists Orange County, CA","description":"\u00bfEst\u00e1 buscando un tratamiento de rejuvenecimiento cut\u00e1neo con l\u00e1ser para tratar las l\u00edneas finas, arrugas, poros grandes, textura de la piel y enrojecimiento? Precision Aesthetics ofrece terapia de la piel con l\u00e1ser Genesis para ayudar a combatir m\u00faltiples problemas de la piel. Al servicio de Santa Ana e Irvine, CA.","robots":{"index":"noindex","follow":"follow","max-snippet":"max-snippet:-1","max-image-preview":"max-image-preview:large","max-video-preview":"max-video-preview:-1"},"twitter_misc":{"Tiempo de lectura":"8 minutos"},"schema":{"@context":"https:\/\/schema.org","@graph":[{"@type":"WebPage","@id":"https:\/\/7b20e63ff2.nxcli.io\/es\/laser-genesis\/","url":"https:\/\/7b20e63ff2.nxcli.io\/es\/laser-genesis\/","name":"LASER GENESIS - Precision Aesthetics Medical Group - Cosmetic Specialists Orange County, CA","isPartOf":{"@id":"https:\/\/7b20e63ff2.nxcli.io\/#website"},"primaryImageOfPage":{"@id":"https:\/\/7b20e63ff2.nxcli.io\/es\/laser-genesis\/#primaryimage"},"image":{"@id":"https:\/\/7b20e63ff2.nxcli.io\/es\/laser-genesis\/#primaryimage"},"thumbnailUrl":"http:\/\/precisionaestheticsmg.com\/wp-content\/uploads\/2018\/04\/cutera-laser-genesis.jpg","datePublished":"2019-03-12T05:26:48+00:00","dateModified":"2019-04-06T12:05:16+00:00","description":"\u00bfEst\u00e1 buscando un tratamiento de rejuvenecimiento cut\u00e1neo con l\u00e1ser para tratar las l\u00edneas finas, arrugas, poros grandes, textura de la piel y enrojecimiento? Precision Aesthetics ofrece terapia de la piel con l\u00e1ser Genesis para ayudar a combatir m\u00faltiples problemas de la piel. Al servicio de Santa Ana e Irvine, CA.","breadcrumb":{"@id":"https:\/\/7b20e63ff2.nxcli.io\/es\/laser-genesis\/#breadcrumb"},"inLanguage":"es","potentialAction":[{"@type":"ReadAction","target":["https:\/\/7b20e63ff2.nxcli.io\/es\/laser-genesis\/"]}]},{"@type":"ImageObject","inLanguage":"es","@id":"https:\/\/7b20e63ff2.nxcli.io\/es\/laser-genesis\/#primaryimage","url":"http:\/\/precisionaestheticsmg.com\/wp-content\/uploads\/2018\/04\/cutera-laser-genesis.jpg","contentUrl":"http:\/\/precisionaestheticsmg.com\/wp-content\/uploads\/2018\/04\/cutera-laser-genesis.jpg"},{"@type":"BreadcrumbList","@id":"https:\/\/7b20e63ff2.nxcli.io\/es\/laser-genesis\/#breadcrumb","itemListElement":[{"@type":"ListItem","position":1,"name":"Home","item":"https:\/\/7b20e63ff2.nxcli.io\/es\/"},{"@type":"ListItem","position":2,"name":"LASER GENESIS"}]},{"@type":"WebSite","@id":"https:\/\/7b20e63ff2.nxcli.io\/#website","url":"https:\/\/7b20e63ff2.nxcli.io\/","name":"Precision Aesthetics Medical Group - Cosmetic Specialists Orange County, CA","description":"BOTOX Specialists Santa Ana, Wrinkle Reduction Irvine, Dermal Fillers Orange County, CA","publisher":{"@id":"https:\/\/7b20e63ff2.nxcli.io\/#organization"},"potentialAction":[{"@type":"SearchAction","target":{"@type":"EntryPoint","urlTemplate":"https:\/\/7b20e63ff2.nxcli.io\/?s={search_term_string}"},"query-input":"required name=search_term_string"}],"inLanguage":"es"},{"@type":"Organization","@id":"https:\/\/7b20e63ff2.nxcli.io\/#organization","name":"Precision Aesthetics Medical Group","url":"https:\/\/7b20e63ff2.nxcli.io\/","logo":{"@type":"ImageObject","inLanguage":"es","@id":"https:\/\/7b20e63ff2.nxcli.io\/#\/schema\/logo\/image\/","url":"http:\/\/precisionaestheticsmg.com\/wp-content\/uploads\/2018\/04\/logo-1.png","contentUrl":"http:\/\/precisionaestheticsmg.com\/wp-content\/uploads\/2018\/04\/logo-1.png","width":348,"height":99,"caption":"Precision Aesthetics Medical Group"},"image":{"@id":"https:\/\/7b20e63ff2.nxcli.io\/#\/schema\/logo\/image\/"}}]}},"_links":{"self":[{"href":"https:\/\/7b20e63ff2.nxcli.io\/es\/wp-json\/wp\/v2\/pages\/605"}],"collection":[{"href":"https:\/\/7b20e63ff2.nxcli.io\/es\/wp-json\/wp\/v2\/pages"}],"about":[{"href":"https:\/\/7b20e63ff2.nxcli.io\/es\/wp-json\/wp\/v2\/types\/page"}],"author":[{"embeddable":true,"href":"https:\/\/7b20e63ff2.nxcli.io\/es\/wp-json\/wp\/v2\/users\/5"}],"replies":[{"embeddable":true,"href":"https:\/\/7b20e63ff2.nxcli.io\/es\/wp-json\/wp\/v2\/comments?post=605"}],"version-history":[{"count":0,"href":"https:\/\/7b20e63ff2.nxcli.io\/es\/wp-json\/wp\/v2\/pages\/605\/revisions"}],"wp:attachment":[{"href":"https:\/\/7b20e63ff2.nxcli.io\/es\/wp-json\/wp\/v2\/media?parent=605"}],"curies":[{"name":"wp","href":"https:\/\/api.w.org\/{rel}","templated":true}]}}