{"id":606,"date":"2019-03-12T05:31:30","date_gmt":"2019-03-12T05:31:30","guid":{"rendered":"https:\/\/pamg.bv6bm9j6-liquidwebsites.com\/?page_id=606"},"modified":"2019-04-06T11:42:55","modified_gmt":"2019-04-06T11:42:55","slug":"chemical-peels","status":"publish","type":"page","link":"https:\/\/7b20e63ff2.nxcli.io\/es\/chemical-peels\/","title":{"rendered":"CHEMICAL PEELS"},"content":{"rendered":"<div class=\"fusion-fullwidth fullwidth-box fusion-builder-row-1 nonhundred-percent-fullwidth non-hundred-percent-height-scrolling\" style=\"--awb-border-radius-top-left:0px;--awb-border-radius-top-right:0px;--awb-border-radius-bottom-right:0px;--awb-border-radius-bottom-left:0px;--awb-flex-wrap:wrap;\" ><div class=\"fusion-builder-row fusion-row\"><div class=\"fusion-layout-column fusion_builder_column fusion-builder-column-0 fusion_builder_column_1_1 1_1 fusion-one-full fusion-column-first fusion-column-last\" style=\"--awb-bg-size:cover;\"><div class=\"fusion-column-wrapper fusion-flex-column-wrapper-legacy\"><div class=\"fusion-text fusion-text-1\"><h1><span style=\"font-weight: 400;\">Peelings qu\u00edmicos <\/span><span style=\"font-weight: 400;\">en Santa Ana\/Irvine<\/span><\/h1>\n<h2><span style=\"font-weight: 400;\">SkinMedica\u00ae Illuminize, Vitalize &amp; Rejuvenize Peeling Qu\u00edmico<\/span><\/h2>\n<p><img decoding=\"async\" class=\"alignright\" src=\"http:\/\/precisionaestheticsmg.com\/wp-content\/uploads\/2018\/04\/skin-medica-logo.png\" alt=\"Skin Medica Logo\" width=\"324\" height=\"141\" \/><\/p>\n<p><span style=\"font-weight: 400;\">Las exfoliaciones qu\u00edmicas de grado m\u00e9dico sorprendentes de SkinMedica apuntan a las necesidades y problemas de todos en tres niveles diferentes. Este tratamiento seguro de 20 minutos da como resultado un acabado impecable para casi todo el mundo.<\/span><\/p>\n<p><span style=\"font-weight: 400;\">La c\u00e1scara de Illuminize es una c\u00e1scara qu\u00edmica del m\u00e9dico-grado que entrega un \u00abresplandor\u00bb agradable a la piel inmediatamente. Esta exfoliaci\u00f3n leve exfoga las c\u00e9lulas muertas de la piel de forma similar a la que realiza la microdermoabrasi\u00f3n pero sin la abrasividad de los cristales y sin el riesgo de propagaci\u00f3n de bacterias a trav\u00e9s de la piel, ya que la varita de Microdermabrasi\u00f3n tiende a hacer. El resultado es un resplandor r\u00e1pido sin ninguna descamaci\u00f3n o tiempo de inactividad. Esta c\u00e1scara es ideal para las personas que quieren algo m\u00e1s invasivo que un facial, pero no puede tener el tiempo de inactividad de peeling.<\/span><\/p>\n<p><span style=\"font-weight: 400;\">La c\u00e1scara Vitalize es nuestra c\u00e1scara m\u00e1s popular que exfolia su piel muerta resultando en menos acn\u00e9, menos cicatrices del acn\u00e9, menos manchas marrones y menos da\u00f1o del sol. Dos d\u00edas despu\u00e9s de aplicar esta c\u00e1scara, la piel comienza a derramar desde la barbilla hasta la frente por una duraci\u00f3n de alrededor de 2-3 d\u00edas. Si quieres pelar durante el fin de semana, sugerimos recibir esta c\u00e1scara en un mi\u00e9rcoles por la noche.<\/span><\/p>\n<p><span style=\"font-weight: 400;\">El rejuvenize Peel es el m\u00e1s fuerte de los 3-c\u00e1scaras y es ideal para aquellos que ya han tenido otras c\u00e1scaras y ahora son tolerantes a las exfoliaciones de grado m\u00e9dico donde los individuos ahora est\u00e1n viendo menos derramamiento de piel muerta cuando se realizan otras exfoliaciones qu\u00edmicas. Esta c\u00e1scara puede resultar un poco de enrojecimiento leve y un aumento de la piel Peeling dos d\u00edas despu\u00e9s de esta c\u00e1scara se aplica. La duraci\u00f3n suele durar alrededor de 3-4 d\u00edas.<\/span><\/p>\n<\/div><div class=\"fusion-image-element fusion-image-align-center in-legacy-container\" style=\"text-align:center;--awb-caption-title-font-family:var(--h2_typography-font-family);--awb-caption-title-font-weight:var(--h2_typography-font-weight);--awb-caption-title-font-style:var(--h2_typography-font-style);--awb-caption-title-size:var(--h2_typography-font-size);--awb-caption-title-transform:var(--h2_typography-text-transform);--awb-caption-title-line-height:var(--h2_typography-line-height);--awb-caption-title-letter-spacing:var(--h2_typography-letter-spacing);\"><div class=\"imageframe-align-center\"><span class=\" fusion-imageframe imageframe-none imageframe-1 hover-type-none\"><a class=\"fusion-no-lightbox\" href=\"http:\/\/precisionaestheticsmg.com\/chemical-peels-santa-ana\/\" target=\"_self\" aria-label=\"Chemical Peels Santa Ana\"><img decoding=\"async\" width=\"598\" height=\"246\" alt=\"Chemical Peels Santa Ana\" src=\"http:\/\/precisionaestheticsmg.com\/wp-content\/uploads\/2019\/01\/chemical-peels-before-after-santa-ana.png\" class=\"img-responsive wp-image-495\" srcset=\"https:\/\/7b20e63ff2.nxcli.io\/wp-content\/uploads\/2019\/01\/chemical-peels-before-after-santa-ana-200x82.png 200w, https:\/\/7b20e63ff2.nxcli.io\/wp-content\/uploads\/2019\/01\/chemical-peels-before-after-santa-ana-400x165.png 400w, https:\/\/7b20e63ff2.nxcli.io\/wp-content\/uploads\/2019\/01\/chemical-peels-before-after-santa-ana.png 598w\" sizes=\"(max-width: 800px) 100vw, 598px\" \/><\/a><\/span><\/div><\/div>\n<div class=\"fusion-text fusion-text-2\"><p style=\"text-align: center;\"><em>Este paciente experiment\u00f3 los tratamientos siguientes:\u00a0<a href=\"https:\/\/7b20e63ff2.nxcli.io\/cosmetic-procedures-santa-ana\/juvederm-xc\/\">Juvederm ultra m\u00e1s XC,<\/a>, IPL Laser, <a href=\"https:\/\/7b20e63ff2.nxcli.io\/botox-cosmetics-santa-ana\/\">Botox<\/a>,\u00a0rejuvenize la c\u00e1scara qu\u00edmica<\/em><\/p>\n<p style=\"text-align: center;\">* Los resultados individuales pueden variar.<\/p>\n<\/div><div class=\"fusion-text fusion-text-3\"><p><img decoding=\"async\" class=\"aligncenter wp-image-546 size-full\" title=\"Chemical Peel Irvine\" src=\"http:\/\/precisionaestheticsmg.com\/wp-content\/uploads\/2019\/02\/chemical-peel-irvine.jpg\" alt=\"Chemical Peel Irvine\" width=\"567\" height=\"538\" srcset=\"https:\/\/7b20e63ff2.nxcli.io\/wp-content\/uploads\/2019\/02\/chemical-peel-irvine-200x190.jpg 200w, https:\/\/7b20e63ff2.nxcli.io\/wp-content\/uploads\/2019\/02\/chemical-peel-irvine-300x285.jpg 300w, https:\/\/7b20e63ff2.nxcli.io\/wp-content\/uploads\/2019\/02\/chemical-peel-irvine-400x380.jpg 400w, https:\/\/7b20e63ff2.nxcli.io\/wp-content\/uploads\/2019\/02\/chemical-peel-irvine.jpg 567w\" sizes=\"(max-width: 567px) 100vw, 567px\" \/><\/p>\n<p><img decoding=\"async\" class=\"aligncenter wp-image-548 size-full\" title=\"Chemical Peel Santa Ana\" src=\"http:\/\/precisionaestheticsmg.com\/wp-content\/uploads\/2019\/02\/vitalize-peel-santa-ana.jpg\" alt=\"Chemical Peel Santa Ana\" width=\"567\" height=\"538\" srcset=\"https:\/\/7b20e63ff2.nxcli.io\/wp-content\/uploads\/2019\/02\/vitalize-peel-santa-ana-200x190.jpg 200w, https:\/\/7b20e63ff2.nxcli.io\/wp-content\/uploads\/2019\/02\/vitalize-peel-santa-ana-300x285.jpg 300w, https:\/\/7b20e63ff2.nxcli.io\/wp-content\/uploads\/2019\/02\/vitalize-peel-santa-ana-400x380.jpg 400w, https:\/\/7b20e63ff2.nxcli.io\/wp-content\/uploads\/2019\/02\/vitalize-peel-santa-ana.jpg 567w\" sizes=\"(max-width: 567px) 100vw, 567px\" \/><\/p>\n<p style=\"text-align: center;\">*Individual results may vary.<\/p>\n<h2><span style=\"font-weight: 400;\">Preguntas frecuentes sobre peeling qu\u00edmico<\/span><\/h2>\n<h3>\u00bfQui\u00e9n es un buen candidato para una exfoliaci\u00f3n qu\u00edmica?<\/h3>\n<p><span style=\"font-weight: 400;\">Los hombres y las mujeres que quieren corregir los signos tempranos de envejecimiento, da\u00f1o al sol o h\u00e1bitos de vida (como fumar) son probablemente buenos candidatos para las exfoliaciones qu\u00edmicas. Los pacientes que est\u00e1n de otra manera buena salud, no fumadores, y tienen expectativas realistas acerca de lo que el procedimiento puede hacer por ellos t\u00edpicamente tienen el mejor resultado.<\/span><\/p>\n<p><span style=\"font-weight: 400;\">Las personas con tonos de piel m\u00e1s oscuros, afecciones m\u00e9dicas existentes o exceso de laxitud de la piel deben consultar con su m\u00e9dico antes de someterse a una exfoliaci\u00f3n qu\u00edmica.<\/span><\/p>\n<h3>\u00bfCu\u00e1ntos tratamientos se necesitan para ver los resultados? *<\/h3>\n<p><span style=\"font-weight: 400;\">Usted debe ser capaz de ver un resplandor perceptiblemente saludable despu\u00e9s de un solo tratamiento. Sin embargo, las exfoliaciones leves o las preocupaciones cosm\u00e9ticas m\u00e1s severas pueden tomar varios tratamientos para lograr los resultados deseados. Las exfoliaciones qu\u00edmicas se espacian t\u00edpicamente 4-6 semanas separadas. Una vez que hayas alcanzado tus objetivos est\u00e9ticos, los resultados de tu exfoliaci\u00f3n pueden durar meses o incluso a\u00f1os.<\/span><\/p>\n<h3>\u00bfLos peelings qu\u00edmicos duelen? *<\/h3>\n<p><span style=\"font-weight: 400;\">Antes de su exfoliaci\u00f3n qu\u00edmica, uno de nuestros especialistas capacitados aplicar\u00e1 un anest\u00e9sico local para aliviar cualquier molestia durante el procedimiento. La mayor\u00eda de los pacientes reportan una sensaci\u00f3n de calentamiento a lo largo del tratamiento de 20 minutos y varias horas despu\u00e9s.<\/span><\/p>\n<p><span style=\"font-weight: 400;\">Dependiendo del nivel de exfoliaci\u00f3n, puede experimentar escamas, hinchaz\u00f3n, enrojecimiento o hematomas durante 3-14 d\u00edas despu\u00e9s del tratamiento. Cualquier molestia puede controlarse f\u00e1cilmente con analg\u00e9sicos de venta libre durante este tiempo.<\/span><\/p>\n<p><img decoding=\"async\" class=\"aligncenter wp-image-550 size-full\" title=\"Skin Medica Peel Irvine\" src=\"http:\/\/precisionaestheticsmg.com\/wp-content\/uploads\/2019\/02\/skin-medica-peel-irvine.jpg\" alt=\"Skin Medica Peel Irvine\" width=\"567\" height=\"538\" srcset=\"https:\/\/7b20e63ff2.nxcli.io\/wp-content\/uploads\/2019\/02\/skin-medica-peel-irvine-200x190.jpg 200w, https:\/\/7b20e63ff2.nxcli.io\/wp-content\/uploads\/2019\/02\/skin-medica-peel-irvine-300x285.jpg 300w, https:\/\/7b20e63ff2.nxcli.io\/wp-content\/uploads\/2019\/02\/skin-medica-peel-irvine-400x380.jpg 400w, https:\/\/7b20e63ff2.nxcli.io\/wp-content\/uploads\/2019\/02\/skin-medica-peel-irvine.jpg 567w\" sizes=\"(max-width: 567px) 100vw, 567px\" \/><\/p>\n<p><img decoding=\"async\" class=\"aligncenter wp-image-552 size-full\" title=\"Skin Medica Peel Santa Ana\" src=\"http:\/\/precisionaestheticsmg.com\/wp-content\/uploads\/2019\/02\/skin-medica-peel-santa-ana.jpg\" alt=\"Skin Medica Peel Santa Ana\" width=\"567\" height=\"538\" srcset=\"https:\/\/7b20e63ff2.nxcli.io\/wp-content\/uploads\/2019\/02\/skin-medica-peel-santa-ana-200x190.jpg 200w, https:\/\/7b20e63ff2.nxcli.io\/wp-content\/uploads\/2019\/02\/skin-medica-peel-santa-ana-300x285.jpg 300w, https:\/\/7b20e63ff2.nxcli.io\/wp-content\/uploads\/2019\/02\/skin-medica-peel-santa-ana-400x380.jpg 400w, https:\/\/7b20e63ff2.nxcli.io\/wp-content\/uploads\/2019\/02\/skin-medica-peel-santa-ana.jpg 567w\" sizes=\"(max-width: 567px) 100vw, 567px\" \/><\/p>\n<p style=\"text-align: center;\">*Individual results may vary.<\/p>\n<h2><span style=\"font-weight: 400;\">Financiamiento Est\u00e9tico<\/span><\/h2>\n<p><span style=\"font-weight: 400;\">En la Est\u00e9tica de Precisi\u00f3n, aceptamos CareCredit para su conveniencia. Te ayudamos a lucir y sentirte lo mejor posible proporcionando tratamientos de bienestar y belleza con cuotas mensuales sencillas. Con CareCredit, usted puede comprar un solo tratamiento, m\u00faltiples tratamientos en un paquete del mismo d\u00eda, o mantener la l\u00ednea de cr\u00e9dito abierta para sus servicios favoritos sobre una base m\u00e1s frecuente. Registrarse es f\u00e1cil, y usted es libre de usar sus beneficios de <a href=\"https:\/\/www.carecredit.com\/doctor-locator\/Medical-Esthetician-in-SANTA-ANA-CA-92705\/Precision-Aesthetics-Medical-Group\/\" target=\"_blank\" rel=\"noopener\">CareCredit<\/a> inmediatamente despu\u00e9s de la aprobaci\u00f3n.<\/span><\/p>\n<p><span style=\"font-weight: 400;\">Sin embargo, tenga en cuenta que el financiamiento de su (s) tratamiento (es) utilizando CareCredit requiere un monto m\u00ednimo de compra. P\u00f3ngase en contacto con precisi\u00f3n est\u00e9tica para obtener m\u00e1s detalles.<\/span><\/p>\n<h2><span style=\"font-weight: 400;\">Tome el Primer Paso<\/span><\/h2>\n<p><span style=\"font-weight: 400;\">\u00bfListo para aprender m\u00e1s sobre las exfoliaciones qu\u00edmicas? Programe una consulta con la est\u00e9tica de precisi\u00f3n en Santa Ana\/Irvine California rellenando la solicitud de un formulario de consulta en esta p\u00e1gina o llamando al <a href=\"tel:\"><b>(949) 477-9740<\/b><\/a>\u00a0. La est\u00e9tica de la precisi\u00f3n est\u00e1 situada en la frontera de Santa Ana y de Irvine, California en proximidad cercana a las autopistas sin peaje 55, 5, 73 &amp; 405.<\/span><\/p>\n<\/div><div class=\"fusion-clearfix\"><\/div><\/div><\/div><\/div><\/div>\n","protected":false},"excerpt":{"rendered":"","protected":false},"author":5,"featured_media":0,"parent":0,"menu_order":0,"comment_status":"closed","ping_status":"closed","template":"","meta":{"content-type":"","footnotes":""},"yoast_head":"<!-- This site is optimized with the Yoast SEO plugin v22.6 - https:\/\/yoast.com\/wordpress\/plugins\/seo\/ -->\n<title>CHEMICAL PEELS - Precision Aesthetics Medical Group - Cosmetic Specialists Orange County, CA<\/title>\n<meta name=\"description\" content=\"\u00bfBuscando un tratamiento no invasivo para corregir la piel defectuosa? Precision Aesthetics ofrece los peelings qu\u00edmicos incre\u00edbles de grado m\u00e9dico de SkinMedica para tratar los problemas de la piel en tres niveles diferentes. Este tratamiento seguro de 20 minutos da como resultado un acabado impecable para casi todos. Al servicio de Santa Ana e Irvine, CA.\" \/>\n<meta name=\"robots\" content=\"noindex, follow, max-snippet:-1, max-image-preview:large, max-video-preview:-1\" \/>\n<meta name=\"twitter:label1\" content=\"Tiempo de lectura\" \/>\n\t<meta name=\"twitter:data1\" content=\"5 minutos\" \/>\n<script type=\"application\/ld+json\" class=\"yoast-schema-graph\">{\"@context\":\"https:\/\/schema.org\",\"@graph\":[{\"@type\":\"WebPage\",\"@id\":\"https:\/\/7b20e63ff2.nxcli.io\/es\/chemical-peels\/\",\"url\":\"https:\/\/7b20e63ff2.nxcli.io\/es\/chemical-peels\/\",\"name\":\"CHEMICAL PEELS - Precision Aesthetics Medical Group - Cosmetic Specialists Orange County, CA\",\"isPartOf\":{\"@id\":\"https:\/\/7b20e63ff2.nxcli.io\/#website\"},\"primaryImageOfPage\":{\"@id\":\"https:\/\/7b20e63ff2.nxcli.io\/es\/chemical-peels\/#primaryimage\"},\"image\":{\"@id\":\"https:\/\/7b20e63ff2.nxcli.io\/es\/chemical-peels\/#primaryimage\"},\"thumbnailUrl\":\"http:\/\/precisionaestheticsmg.com\/wp-content\/uploads\/2018\/04\/skin-medica-logo.png\",\"datePublished\":\"2019-03-12T05:31:30+00:00\",\"dateModified\":\"2019-04-06T11:42:55+00:00\",\"description\":\"\u00bfBuscando un tratamiento no invasivo para corregir la piel defectuosa? Precision Aesthetics ofrece los peelings qu\u00edmicos incre\u00edbles de grado m\u00e9dico de SkinMedica para tratar los problemas de la piel en tres niveles diferentes. Este tratamiento seguro de 20 minutos da como resultado un acabado impecable para casi todos. Al servicio de Santa Ana e Irvine, CA.\",\"breadcrumb\":{\"@id\":\"https:\/\/7b20e63ff2.nxcli.io\/es\/chemical-peels\/#breadcrumb\"},\"inLanguage\":\"es\",\"potentialAction\":[{\"@type\":\"ReadAction\",\"target\":[\"https:\/\/7b20e63ff2.nxcli.io\/es\/chemical-peels\/\"]}]},{\"@type\":\"ImageObject\",\"inLanguage\":\"es\",\"@id\":\"https:\/\/7b20e63ff2.nxcli.io\/es\/chemical-peels\/#primaryimage\",\"url\":\"http:\/\/precisionaestheticsmg.com\/wp-content\/uploads\/2018\/04\/skin-medica-logo.png\",\"contentUrl\":\"http:\/\/precisionaestheticsmg.com\/wp-content\/uploads\/2018\/04\/skin-medica-logo.png\"},{\"@type\":\"BreadcrumbList\",\"@id\":\"https:\/\/7b20e63ff2.nxcli.io\/es\/chemical-peels\/#breadcrumb\",\"itemListElement\":[{\"@type\":\"ListItem\",\"position\":1,\"name\":\"Home\",\"item\":\"https:\/\/7b20e63ff2.nxcli.io\/es\/\"},{\"@type\":\"ListItem\",\"position\":2,\"name\":\"CHEMICAL PEELS\"}]},{\"@type\":\"WebSite\",\"@id\":\"https:\/\/7b20e63ff2.nxcli.io\/#website\",\"url\":\"https:\/\/7b20e63ff2.nxcli.io\/\",\"name\":\"Precision Aesthetics Medical Group - Cosmetic Specialists Orange County, CA\",\"description\":\"BOTOX Specialists Santa Ana, Wrinkle Reduction Irvine, Dermal Fillers Orange County, CA\",\"publisher\":{\"@id\":\"https:\/\/7b20e63ff2.nxcli.io\/#organization\"},\"potentialAction\":[{\"@type\":\"SearchAction\",\"target\":{\"@type\":\"EntryPoint\",\"urlTemplate\":\"https:\/\/7b20e63ff2.nxcli.io\/?s={search_term_string}\"},\"query-input\":\"required name=search_term_string\"}],\"inLanguage\":\"es\"},{\"@type\":\"Organization\",\"@id\":\"https:\/\/7b20e63ff2.nxcli.io\/#organization\",\"name\":\"Precision Aesthetics Medical Group\",\"url\":\"https:\/\/7b20e63ff2.nxcli.io\/\",\"logo\":{\"@type\":\"ImageObject\",\"inLanguage\":\"es\",\"@id\":\"https:\/\/7b20e63ff2.nxcli.io\/#\/schema\/logo\/image\/\",\"url\":\"http:\/\/precisionaestheticsmg.com\/wp-content\/uploads\/2018\/04\/logo-1.png\",\"contentUrl\":\"http:\/\/precisionaestheticsmg.com\/wp-content\/uploads\/2018\/04\/logo-1.png\",\"width\":348,\"height\":99,\"caption\":\"Precision Aesthetics Medical Group\"},\"image\":{\"@id\":\"https:\/\/7b20e63ff2.nxcli.io\/#\/schema\/logo\/image\/\"}}]}<\/script>\n<!-- \/ Yoast SEO plugin. -->","yoast_head_json":{"title":"CHEMICAL PEELS - Precision Aesthetics Medical Group - Cosmetic Specialists Orange County, CA","description":"\u00bfBuscando un tratamiento no invasivo para corregir la piel defectuosa? Precision Aesthetics ofrece los peelings qu\u00edmicos incre\u00edbles de grado m\u00e9dico de SkinMedica para tratar los problemas de la piel en tres niveles diferentes. Este tratamiento seguro de 20 minutos da como resultado un acabado impecable para casi todos. Al servicio de Santa Ana e Irvine, CA.","robots":{"index":"noindex","follow":"follow","max-snippet":"max-snippet:-1","max-image-preview":"max-image-preview:large","max-video-preview":"max-video-preview:-1"},"twitter_misc":{"Tiempo de lectura":"5 minutos"},"schema":{"@context":"https:\/\/schema.org","@graph":[{"@type":"WebPage","@id":"https:\/\/7b20e63ff2.nxcli.io\/es\/chemical-peels\/","url":"https:\/\/7b20e63ff2.nxcli.io\/es\/chemical-peels\/","name":"CHEMICAL PEELS - Precision Aesthetics Medical Group - Cosmetic Specialists Orange County, CA","isPartOf":{"@id":"https:\/\/7b20e63ff2.nxcli.io\/#website"},"primaryImageOfPage":{"@id":"https:\/\/7b20e63ff2.nxcli.io\/es\/chemical-peels\/#primaryimage"},"image":{"@id":"https:\/\/7b20e63ff2.nxcli.io\/es\/chemical-peels\/#primaryimage"},"thumbnailUrl":"http:\/\/precisionaestheticsmg.com\/wp-content\/uploads\/2018\/04\/skin-medica-logo.png","datePublished":"2019-03-12T05:31:30+00:00","dateModified":"2019-04-06T11:42:55+00:00","description":"\u00bfBuscando un tratamiento no invasivo para corregir la piel defectuosa? Precision Aesthetics ofrece los peelings qu\u00edmicos incre\u00edbles de grado m\u00e9dico de SkinMedica para tratar los problemas de la piel en tres niveles diferentes. Este tratamiento seguro de 20 minutos da como resultado un acabado impecable para casi todos. Al servicio de Santa Ana e Irvine, CA.","breadcrumb":{"@id":"https:\/\/7b20e63ff2.nxcli.io\/es\/chemical-peels\/#breadcrumb"},"inLanguage":"es","potentialAction":[{"@type":"ReadAction","target":["https:\/\/7b20e63ff2.nxcli.io\/es\/chemical-peels\/"]}]},{"@type":"ImageObject","inLanguage":"es","@id":"https:\/\/7b20e63ff2.nxcli.io\/es\/chemical-peels\/#primaryimage","url":"http:\/\/precisionaestheticsmg.com\/wp-content\/uploads\/2018\/04\/skin-medica-logo.png","contentUrl":"http:\/\/precisionaestheticsmg.com\/wp-content\/uploads\/2018\/04\/skin-medica-logo.png"},{"@type":"BreadcrumbList","@id":"https:\/\/7b20e63ff2.nxcli.io\/es\/chemical-peels\/#breadcrumb","itemListElement":[{"@type":"ListItem","position":1,"name":"Home","item":"https:\/\/7b20e63ff2.nxcli.io\/es\/"},{"@type":"ListItem","position":2,"name":"CHEMICAL PEELS"}]},{"@type":"WebSite","@id":"https:\/\/7b20e63ff2.nxcli.io\/#website","url":"https:\/\/7b20e63ff2.nxcli.io\/","name":"Precision Aesthetics Medical Group - Cosmetic Specialists Orange County, CA","description":"BOTOX Specialists Santa Ana, Wrinkle Reduction Irvine, Dermal Fillers Orange County, CA","publisher":{"@id":"https:\/\/7b20e63ff2.nxcli.io\/#organization"},"potentialAction":[{"@type":"SearchAction","target":{"@type":"EntryPoint","urlTemplate":"https:\/\/7b20e63ff2.nxcli.io\/?s={search_term_string}"},"query-input":"required name=search_term_string"}],"inLanguage":"es"},{"@type":"Organization","@id":"https:\/\/7b20e63ff2.nxcli.io\/#organization","name":"Precision Aesthetics Medical Group","url":"https:\/\/7b20e63ff2.nxcli.io\/","logo":{"@type":"ImageObject","inLanguage":"es","@id":"https:\/\/7b20e63ff2.nxcli.io\/#\/schema\/logo\/image\/","url":"http:\/\/precisionaestheticsmg.com\/wp-content\/uploads\/2018\/04\/logo-1.png","contentUrl":"http:\/\/precisionaestheticsmg.com\/wp-content\/uploads\/2018\/04\/logo-1.png","width":348,"height":99,"caption":"Precision Aesthetics Medical Group"},"image":{"@id":"https:\/\/7b20e63ff2.nxcli.io\/#\/schema\/logo\/image\/"}}]}},"_links":{"self":[{"href":"https:\/\/7b20e63ff2.nxcli.io\/es\/wp-json\/wp\/v2\/pages\/606"}],"collection":[{"href":"https:\/\/7b20e63ff2.nxcli.io\/es\/wp-json\/wp\/v2\/pages"}],"about":[{"href":"https:\/\/7b20e63ff2.nxcli.io\/es\/wp-json\/wp\/v2\/types\/page"}],"author":[{"embeddable":true,"href":"https:\/\/7b20e63ff2.nxcli.io\/es\/wp-json\/wp\/v2\/users\/5"}],"replies":[{"embeddable":true,"href":"https:\/\/7b20e63ff2.nxcli.io\/es\/wp-json\/wp\/v2\/comments?post=606"}],"version-history":[{"count":1,"href":"https:\/\/7b20e63ff2.nxcli.io\/es\/wp-json\/wp\/v2\/pages\/606\/revisions"}],"predecessor-version":[{"id":673,"href":"https:\/\/7b20e63ff2.nxcli.io\/es\/wp-json\/wp\/v2\/pages\/606\/revisions\/673"}],"wp:attachment":[{"href":"https:\/\/7b20e63ff2.nxcli.io\/es\/wp-json\/wp\/v2\/media?parent=606"}],"curies":[{"name":"wp","href":"https:\/\/api.w.org\/{rel}","templated":true}]}}